{"id":9239,"date":"2025-11-04T06:16:31","date_gmt":"2025-11-04T03:16:31","guid":{"rendered":"https:\/\/jetpartner.pl\/?page_id=9239"},"modified":"2025-12-02T05:04:50","modified_gmt":"2025-12-02T02:04:50","slug":"book-jet","status":"publish","type":"page","link":"https:\/\/jetpartner.pl\/ro\/book-jet\/","title":{"rendered":"Charter avion privat \u00een Europa 24\/7"},"content":{"rendered":"\n<!-- Jet Partner: Cerere de zbor (Gutenberg, mobile-first) -->\n<style>\n  .jp-query{--gap:20px;--shadow:0 8px 20px rgba(0,0,0,.08);--radius:14px;}\n  .jp-grid{\n    display:grid;gap:var(--gap);\n    grid-template-columns:1fr;\n    grid-template-areas:\n      \"header\"\n      \"form\"\n      \"content\"\n      \"image\";\n  }\n  .jp-header{grid-area:header;}\n  .jp-form{grid-area:form;background:#fff;padding:24px;border-radius:var(--radius);box-shadow:var(--shadow);}\n  .jp-content{grid-area:content;}\n  .jp-image{grid-area:image;margin:0;}\n  .jp-image img{width:100%;height:auto;display:block;border-radius:10px;}\n  .jp-contact{margin-top:1rem;padding:12px;border:1px solid #eee;border-radius:10px;}\n  .jp-faq details{margin-top:.5rem}\n  @media (min-width: 992px){\n    .jp-grid{\n      grid-template-columns: 65% 35%;\n      grid-template-areas:\n        \"header form\"\n        \"image  form\"\n        \"content form\";\n      align-items:start;\n    }\n    .jp-form{position:sticky; top:24px;}\n  }\n<\/style>\n\n<div class=\"jp-query\">\n  <div class=\"jp-grid\">\n\n    <!-- H1 -->\n    <div class=\"jp-header\">\n      <h1>\u00centreab\u0103 despre un zbor privat cu Jet Partner<\/h1>\n    <\/div>\n\n    <!-- Formular (mobil: 2., desktop: coloana dreapt\u0103) -->\n    <aside class=\"jp-form\" aria-label=\"Formular de cerere\">\n      <h2 style=\"margin-top:0\">Formular de cerere<\/h2>\n      <div class=\"wp-block-html\">\n        \t\t\t<link rel=\"stylesheet\" property=\"stylesheet\" href=\"https:\/\/jetpartner.pl\/wp-content\/plugins\/happyforms-upgrade\/bundles\/css\/frontend.css\" \/>\n\t\t\t\t<!-- HappyForms CSS variables -->\n\t<style>\n\t#happyforms-9232 {\n\t\t--happyforms-part-title-font-size: 16px;\n--happyforms-part-description-font-size: 14px;\n--happyforms-part-value-font-size: 16px;\n--happyforms-submit-button-font-size: 18px;\n--happyforms-color-primary: #000000;\n--happyforms-color-success-notice: #ebf9f0;\n--happyforms-color-success-notice-text: #1eb452;\n--happyforms-color-error: #ff7550;\n--happyforms-color-error-notice: #ffeae5;\n--happyforms-color-error-notice-text: #ff4200;\n--happyforms-color-part-title: #000000;\n--happyforms-color-part-value: #000000;\n--happyforms-color-part-placeholder: #888888;\n--happyforms-color-part-description: #454545;\n--happyforms-color-part-border: #dbdbdb;\n--happyforms-color-part-border-focus: #a8987e;\n--happyforms-color-part-background: #ffffff;\n--happyforms-color-part-background-focus: #ffffff;\n--happyforms-color-submit-background: #a8987e;\n--happyforms-color-submit-background-hover: #a8987e;\n--happyforms-color-submit-border: ;\n--happyforms-color-submit-text: #ffffff;\n--happyforms-color-submit-text-hover: #ffffff;\n--happyforms-color-table-row-odd: #fcfcfc;\n--happyforms-color-table-row-even: #efefef;\n--happyforms-color-table-row-odd-text: #000000;\n--happyforms-color-table-row-even-text: #000000;\n--happyforms-color-dropdown-item-bg: #ffffff;\n--happyforms-color-dropdown-item-text: #000000;\n--happyforms-color-dropdown-item-bg-hover: #dbdbdb;\n--happyforms-color-dropdown-item-text-hover: #000000;\n--happyforms-color-divider-hr: #cccccc;\n--happyforms-color-choice-checkmark-bg: #ffffff;\n--happyforms-color-choice-checkmark-bg-focus: #000000;\n--happyforms-color-choice-checkmark-color: #ffffff;\n--happyforms-color-rating: #cccccc;\n--happyforms-color-rating-hover: #f39c00;\n--happyforms-color-multistep-info-text-color: #000000;\n--happyforms-color-multistep-info-back-color: #000000;\n--happyforms-color-multistep-info-back-color-hover: #000000;\n--happyforms-poll-bar-color: #e8e8e8;\n--happyforms-poll-link-color: #000000;\n--happyforms-poll-winner-color: #000000;\n\t}\n\t<\/style>\n\t<!-- End of HappyForms CSS variables -->\n\t\t<!-- HappyForms Additional CSS -->\n\t<style data-happyforms-additional-css>\n\t\t<\/style>\n\t<!-- End of HappyForms Additional CSS -->\n\t\t\t<link rel=\"stylesheet\" type=\"text\/css\" href=\"https:\/\/jetpartner.pl\/wp-content\/plugins\/happyforms-upgrade\/core\/assets\/css\/no-interaction.css\">\n\t\t<div class=\"happyforms-form happyforms-styles happyforms-form--submit-button-border-radius-square\" id=\"happyforms-9232\">\n\t\t\n\t<form action=\"\" id=\"happyforms-form-9232\" method=\"post\" novalidate=\"true\" autocomplete=\"off\">\n\t\t\t\t<input type=\"hidden\" name=\"happyforms_random_seed\" value=\"1198674812\" \/>\n\t\t\n\t\t\t<input type=\"hidden\" name=\"action\" value=\"happyforms_message\">\n\t\t\t\t<input type=\"hidden\" name=\"client_referer\" value=\"\">\n\t\t\t\t<input type=\"hidden\" name=\"current_post_id\" value=\"\">\n\t\t\t\t<input type=\"hidden\" name=\"happyforms_form_id\" value=\"9232\" \/>\n\t\t\t\t<input type=\"hidden\" name=\"happyforms_step\" value=\"0\" \/>\n\t\n\t\t<div class=\"happyforms-flex\">\n\t\t\t\t<label for=\"9232-single_line_text\" class=\"screen-reader-text\">Leave this field blank<\/label>\n\t<input type=\"text\" id=\"9232-single_line_text\" name=\"9232-single_line_text\" style=\"display: none;\" tabindex=\"-1\" autocomplete=\"off\" aria-hidden=\"true\">\n\t\t\t\t\t\t\t\t\t\t<div class=\"happyforms-form__part happyforms-part happyforms-part--single_line_text happyforms-part--width-half happyforms-part--label-hidden\" id=\"happyforms-9232_single_line_text_1-part\" data-happyforms-type=\"single_line_text\" data-happyforms-id=\"single_line_text_1\" data-happyforms-required=\"\">\n\t<div class=\"happyforms-part-wrap\">\n\t\t\n\t\t\t\t\t\t<div class=\"happyforms-part__label-container\">\n\t\t\t<\/div>\n\t\t\t\n\t\t\n\t\t<div class=\"happyforms-part__el\">\n\t\t\t\n\t\t\t\n\t\t\t<div class=\"happyforms-input\">\n\t\t\t\t\n\t\t\t\t<input id=\"happyforms-9232_single_line_text_1\" type=\"text\" name=\"9232_single_line_text_1\" value=\"\" placeholder=\"Nume\" autocomplete=\"off\" spellcheck=\"false\"  autocorrect=\"off\" \/>\n\t\t\t\t\t\t\t<\/div>\n\n\t\t\t\n\t\t\t\n\t\t\t\t\t<\/div>\n\t<\/div>\n<\/div>\n<div class=\"happyforms-form__part happyforms-part happyforms-part--single_line_text happyforms-part--width-half happyforms-part--label-hidden\" id=\"happyforms-9232_single_line_text_2-part\" data-happyforms-type=\"single_line_text\" data-happyforms-id=\"single_line_text_2\" data-happyforms-required=\"\">\n\t<div class=\"happyforms-part-wrap\">\n\t\t\n\t\t\t\t\t\t<div class=\"happyforms-part__label-container\">\n\t\t\t<\/div>\n\t\t\t\n\t\t\n\t\t<div class=\"happyforms-part__el\">\n\t\t\t\n\t\t\t\n\t\t\t<div class=\"happyforms-input\">\n\t\t\t\t\n\t\t\t\t<input id=\"happyforms-9232_single_line_text_2\" type=\"text\" name=\"9232_single_line_text_2\" value=\"\" placeholder=\"Prenume\" autocomplete=\"off\" spellcheck=\"false\"  autocorrect=\"off\" \/>\n\t\t\t\t\t\t\t<\/div>\n\n\t\t\t\n\t\t\t\n\t\t\t\t\t<\/div>\n\t<\/div>\n<\/div>\n<div class=\"happyforms-form__part happyforms-part happyforms-part--number happyforms-part--width-half happyforms-part--label-hidden\" id=\"happyforms-9232_number_16-part\" data-happyforms-type=\"number\" data-happyforms-id=\"number_16\" data-happyforms-required=\"\">\n\t<div class=\"happyforms-part-wrap\">\n\t\t\n\t\t\t\t\t\t<div class=\"happyforms-part__label-container\">\n\t\t\t<\/div>\n\t\t\t\n\t\t\n\t\t<div class=\"happyforms-part__el\">\n\t\t\t\n\t\t\t\n\t\t\t<div class=\"happyforms-input\">\n\t\t\t\t\t\t\t\t<input id=\"happyforms-9232_number_16\" type=\"number\" value=\"\" name=\"9232_number_16\" placeholder=\"Num\u0103r de telefon\" min=\"\" max=\"\" step=\"1\" autocomplete=\"off\" spellcheck=\"false\" \/>\n\t\t\t\t\t\t\t<\/div>\n\n\t\t\t\n\t\t\t\n\t\t\t\t\t<\/div>\n\t<\/div>\n<\/div>\n<div class=\"happyforms-part--with-autocomplete happyforms-form__part happyforms-part happyforms-part--email happyforms-part--width-half happyforms-part--label-hidden\" id=\"happyforms-9232_email_3-part\" data-happyforms-type=\"email\" data-happyforms-id=\"email_3\" data-happyforms-required=\"\">\n\t\t<div class=\"happyforms-part-wrap\">\n\t\t\t\t\t\t<div class=\"happyforms-part__label-container\">\n\t\t\t<\/div>\n\t\t\t\n\t\t\n\t\t<div class=\"happyforms-part__el\">\n\t\t\t\n\t\t\t\n\t\t\t<div class=\"happyforms-input\">\n\t\t\t\t<input type=\"email\" name=\"9232_email_3\" id=\"happyforms-9232_email_3\" value=\"\" placeholder=\"Email\" autocomplete=\"off\" spellcheck=\"false\"  autocorrect=\"off\" \/>\n\t\t\t\t\t\t\t<\/div>\n\n\t\t\t\n\t\t\t\n\t\t\t\t\t<\/div>\n\t<\/div>\n<\/div>\n<div class=\"happyforms-form__part happyforms-part happyforms-part--single_line_text happyforms-part--width-half happyforms-part--label-hidden\" id=\"happyforms-9232_single_line_text_12-part\" data-happyforms-type=\"single_line_text\" data-happyforms-id=\"single_line_text_12\" data-happyforms-required=\"\">\n\t<div class=\"happyforms-part-wrap\">\n\t\t\n\t\t\t\t\t\t<div class=\"happyforms-part__label-container\">\n\t\t\t<\/div>\n\t\t\t\n\t\t\n\t\t<div class=\"happyforms-part__el\">\n\t\t\t\n\t\t\t\n\t\t\t<div class=\"happyforms-input\">\n\t\t\t\t\n\t\t\t\t<input id=\"happyforms-9232_single_line_text_12\" type=\"text\" name=\"9232_single_line_text_12\" value=\"\" placeholder=\"Aeroport de plecare\" autocomplete=\"off\" spellcheck=\"false\"  autocorrect=\"off\" \/>\n\t\t\t\t\t\t\t<\/div>\n\n\t\t\t\n\t\t\t\n\t\t\t\t\t<\/div>\n\t<\/div>\n<\/div>\n<div class=\"happyforms-form__part happyforms-part happyforms-part--single_line_text happyforms-part--width-half happyforms-part--label-hidden\" id=\"happyforms-9232_single_line_text_13-part\" data-happyforms-type=\"single_line_text\" data-happyforms-id=\"single_line_text_13\" data-happyforms-required=\"\">\n\t<div class=\"happyforms-part-wrap\">\n\t\t\n\t\t\t\t\t\t<div class=\"happyforms-part__label-container\">\n\t\t\t<\/div>\n\t\t\t\n\t\t\n\t\t<div class=\"happyforms-part__el\">\n\t\t\t\n\t\t\t\n\t\t\t<div class=\"happyforms-input\">\n\t\t\t\t\n\t\t\t\t<input id=\"happyforms-9232_single_line_text_13\" type=\"text\" name=\"9232_single_line_text_13\" value=\"\" placeholder=\"Aeroport de sosire\" autocomplete=\"off\" spellcheck=\"false\"  autocorrect=\"off\" \/>\n\t\t\t\t\t\t\t<\/div>\n\n\t\t\t\n\t\t\t\n\t\t\t\t\t<\/div>\n\t<\/div>\n<\/div>\n<div class=\"happyforms-form__part happyforms-part happyforms-part--date happyforms-part--width-half happyforms-part--label-hidden happyforms-part-date--required happyforms-part-date--date happyforms-part-date--12\" id=\"happyforms-9232_date_18-part\" data-happyforms-type=\"date\" data-happyforms-id=\"date_18\" data-happyforms-required=\"\">\n\t<div class=\"happyforms-part-wrap\">\n\t\t\t\t\t\t\t\t<div class=\"happyforms-part__label-container\">\n\t\t\t<\/div>\n\t\t\t\n\t\t<span class=\"happyforms-part__description\">Data plec\u0103rii<\/span>\n\t\t<div class=\"happyforms-part__el\">\n\t\t\t\t\t\t\n<div class=\"happyforms-part-date__date-input happyforms-part--date__input-wrap happyforms-part-date-input--date\">\n\t<div class=\"happyforms-custom-date\" data-searchable=\"true\">\n\t\t<div class=\"happyforms-part__date-wrap\">\n\t\t\t<div class=\"happyforms-input\">\n\t\t\t\t<input type=\"date\" min=\"1924-01-01\" max=\"2044-12-31\" value=\"\" name=\"9232_date_18[date]\" data-serialize required class=\"happyforms-date-field\" \/>\n\t\t\t<\/div>\n\t\t<\/div>\n\t<\/div>\n<\/div>\n\t\t\t\t\t\t\t\t<\/div>\n\t\t\t<\/div>\n<\/div>\n<div class=\"happyforms-form__part happyforms-part happyforms-part--date happyforms-part--width-half happyforms-part--label-hidden happyforms-part-date--required happyforms-part-date--date happyforms-part-date--12\" id=\"happyforms-9232_date_19-part\" data-happyforms-type=\"date\" data-happyforms-id=\"date_19\" data-happyforms-required=\"\">\n\t<div class=\"happyforms-part-wrap\">\n\t\t\t\t\t\t\t\t<div class=\"happyforms-part__label-container\">\n\t\t\t<\/div>\n\t\t\t\n\t\t<span class=\"happyforms-part__description\">\u00centoarcere<\/span>\n\t\t<div class=\"happyforms-part__el\">\n\t\t\t\t\t\t\n<div class=\"happyforms-part-date__date-input happyforms-part--date__input-wrap happyforms-part-date-input--date\">\n\t<div class=\"happyforms-custom-date\" data-searchable=\"true\">\n\t\t<div class=\"happyforms-part__date-wrap\">\n\t\t\t<div class=\"happyforms-input\">\n\t\t\t\t<input type=\"date\" min=\"1924-01-01\" max=\"2044-12-31\" value=\"\" name=\"9232_date_19[date]\" data-serialize required class=\"happyforms-date-field\" \/>\n\t\t\t<\/div>\n\t\t<\/div>\n\t<\/div>\n<\/div>\n\t\t\t\t\t\t\t\t<\/div>\n\t\t\t<\/div>\n<\/div>\n<div class=\"happyforms-form__part happyforms-part happyforms-part--single_line_text happyforms-part--width-third happyforms-part--label-hidden\" id=\"happyforms-9232_single_line_text_15-part\" data-happyforms-type=\"single_line_text\" data-happyforms-id=\"single_line_text_15\" data-happyforms-required=\"\">\n\t<div class=\"happyforms-part-wrap\">\n\t\t\n\t\t\t\t\t\t<div class=\"happyforms-part__label-container\">\n\t\t\t<\/div>\n\t\t\t\n\t\t\n\t\t<div class=\"happyforms-part__el\">\n\t\t\t\n\t\t\t\n\t\t\t<div class=\"happyforms-input\">\n\t\t\t\t\n\t\t\t\t<input id=\"happyforms-9232_single_line_text_15\" type=\"text\" name=\"9232_single_line_text_15\" value=\"\" placeholder=\"Num\u0103r de pasageri\" autocomplete=\"off\" spellcheck=\"false\"  autocorrect=\"off\" \/>\n\t\t\t\t\t\t\t<\/div>\n\n\t\t\t\n\t\t\t\n\t\t\t\t\t<\/div>\n\t<\/div>\n<\/div>\n<div class=\"happyforms-form__part happyforms-part happyforms-part--single_line_text happyforms-part--width-third happyforms-part--label-hidden\" id=\"happyforms-9232_single_line_text_20-part\" data-happyforms-type=\"single_line_text\" data-happyforms-id=\"single_line_text_20\" data-happyforms-required=\"\">\n\t<div class=\"happyforms-part-wrap\">\n\t\t\n\t\t\t\t\t\t<div class=\"happyforms-part__label-container\">\n\t\t\t<\/div>\n\t\t\t\n\t\t\n\t\t<div class=\"happyforms-part__el\">\n\t\t\t\n\t\t\t\n\t\t\t<div class=\"happyforms-input\">\n\t\t\t\t\n\t\t\t\t<input id=\"happyforms-9232_single_line_text_20\" type=\"text\" name=\"9232_single_line_text_20\" value=\"\" placeholder=\"Copii peste 18 ani inclu\u0219i\" autocomplete=\"off\" spellcheck=\"false\"  autocorrect=\"off\" \/>\n\t\t\t\t\t\t\t<\/div>\n\n\t\t\t\n\t\t\t\n\t\t\t\t\t<\/div>\n\t<\/div>\n<\/div>\n<div class=\"happyforms-form__part happyforms-part happyforms-part--single_line_text happyforms-part--width-third happyforms-part--label-hidden\" id=\"happyforms-9232_single_line_text_21-part\" data-happyforms-type=\"single_line_text\" data-happyforms-id=\"single_line_text_21\" data-happyforms-required=\"\">\n\t<div class=\"happyforms-part-wrap\">\n\t\t\n\t\t\t\t\t\t<div class=\"happyforms-part__label-container\">\n\t\t\t<\/div>\n\t\t\t\n\t\t\n\t\t<div class=\"happyforms-part__el\">\n\t\t\t\n\t\t\t\n\t\t\t<div class=\"happyforms-input\">\n\t\t\t\t\n\t\t\t\t<input id=\"happyforms-9232_single_line_text_21\" type=\"text\" name=\"9232_single_line_text_21\" value=\"\" placeholder=\"Animale\" autocomplete=\"off\" spellcheck=\"false\"  autocorrect=\"off\" \/>\n\t\t\t\t\t\t\t<\/div>\n\n\t\t\t\n\t\t\t\n\t\t\t\t\t<\/div>\n\t<\/div>\n<\/div>\n<div class=\"happyforms-form__part happyforms-part happyforms-part--multi_line_text happyforms-part--width-full happyforms-part--label-hidden\" id=\"happyforms-9232_multi_line_text_9-part\" data-happyforms-type=\"multi_line_text\" data-happyforms-id=\"multi_line_text_9\" data-happyforms-required=\"\">\n\t<div class=\"happyforms-part-wrap\">\n\t\t\t\t\t\t<div class=\"happyforms-part__label-container\">\n\t\t\t<\/div>\n\t\t\t\n\t\t\n\t\t<div class=\"happyforms-part__el\">\n\t\t\t\n\t\t\t\t\t\t<textarea id=\"happyforms-9232_multi_line_text_9\" name=\"9232_multi_line_text_9\" rows=\"5\" placeholder=\"Mai multe informa\u021bii despre zborul planificat\" autocomplete=\"off\" spellcheck=\"false\" autocorrect=\"off\" ><\/textarea>\n\t\t\t\n\t\t\t\n\t\t\t\t\t<\/div>\n\t<\/div>\n<\/div>\n<div class=\"happyforms-part--choice happyforms-form__part happyforms-part happyforms-part--radio happyforms-part--width-full happyforms-part--label-hidden\" id=\"happyforms-9232_radio_22-part\" data-happyforms-type=\"radio\" data-happyforms-id=\"radio_22\" data-happyforms-required=\"\">\n\t<div class=\"happyforms-part-wrap\">\n\t\t\t<div class=\"happyforms-part__label-container\">\n\t\t\t<\/div>\n\t\n\t\t<span class=\"happyforms-part__description\">Sunt de acord ca Societatea s\u0103 prelucreze numele, prenumele, adresa mea de e-mail \u0219i num\u0103rul de telefon indicate \u00een formular, \u00een scopul prezent\u0103rii unei oferte din partea Societ\u0103\u021bii ca r\u0103spuns la solicitarea mea.<\/span>\n\t\t\n\t\t<div class=\"happyforms-part__el\">\n\t\t\t\t\t\t\t\t\t\t<div class=\"happyforms-part__option happyforms-part-option\" id=\"radio_22_option_1715570915121\">\n\t\t\t\t<label class=\"option-label\">\n\t\t\t\t\t<input type=\"radio\" class=\"happyforms-visuallyhidden\" name=\"9232_radio_22\" value=\"0\"  autocomplete=\"off\" spellcheck=\"false\" >\n\t\t\t\t\t<span class=\"checkmark\"><span class=\"happyforms-radio-circle\"><\/span><\/span>\n\t\t\t\t\t<span class=\"label-wrap\">\n\t\t\t\t\t\t<span class=\"label\"><\/span>\t\t\t\t\t<\/span>\n\t\t\t\t<\/label>\n\t\t\t\t\t\t\t<\/div>\n\t\t\t\n\t\t\t\n\t\t\t\t\t<\/div>\n\t<\/div>\n<\/div>\n<div class=\"happyforms-part--choice happyforms-form__part happyforms-part happyforms-part--radio happyforms-part--width-full happyforms-part--label-hidden\" id=\"happyforms-9232_radio_23-part\" data-happyforms-type=\"radio\" data-happyforms-id=\"radio_23\">\n\t<div class=\"happyforms-part-wrap\">\n\t\t\t<div class=\"happyforms-part__label-container\">\n\t\t\t<\/div>\n\t\n\t\t<span class=\"happyforms-part__description\">Sunt de acord ca Societatea s\u0103 utilizeze adresa mea de e-mail \u0219i num\u0103rul de telefon indicate \u00een formular prin intermediul dispozitivelor terminale \u0219i al sistemelor automate de apelare sau al mijloacelor de comunicare electronic\u0103, respectiv e-mail, SMS, MMS, \u00een scop de marketing direct, inclusiv pentru trimiterea de informa\u021bii comerciale privind promo\u021biile \u0219i ofertele speciale oferite de Societate (newsletter).<\/span>\n\t\t\n\t\t<div class=\"happyforms-part__el\">\n\t\t\t\t\t\t\t\t\t\t<div class=\"happyforms-part__option happyforms-part-option\" id=\"radio_23_option_1715571026406\">\n\t\t\t\t<label class=\"option-label\">\n\t\t\t\t\t<input type=\"radio\" class=\"happyforms-visuallyhidden\" name=\"9232_radio_23\" value=\"0\"  autocomplete=\"off\" spellcheck=\"false\" >\n\t\t\t\t\t<span class=\"checkmark\"><span class=\"happyforms-radio-circle\"><\/span><\/span>\n\t\t\t\t\t<span class=\"label-wrap\">\n\t\t\t\t\t\t<span class=\"label\"><\/span>\t\t\t\t\t<\/span>\n\t\t\t\t<\/label>\n\t\t\t\t\t\t\t<\/div>\n\t\t\t\n\t\t\t\n\t\t\t\t\t<\/div>\n\t<\/div>\n<\/div>\n\t\t\t\t<div class=\"happyforms-form__part happyforms-part happyforms-part--recaptcha happyforms-recaptcha-v2\" data-sitekey=\"6LfQ1WgsAAAAAE8ETFJP6V_piMqETtdZ-rfL8WK5\" data-happyforms-type=\"recaptcha_v2\" data-theme=\"light\">\n\t\t\t\t\t<label for=\"g-recaptcha-response\" class=\"happyforms-part__label\">\n\t\t\t\t<span class=\"label\">Validate your submission<\/span>\n\t\t\t<\/label>\n\t\t\t\t<div class=\"happyforms-part-wrap\" id=\"happyforms-9232-recaptcha\"><\/div>\n\n\t\t\t<\/div>\n\t\t\t\t<div class=\"happyforms-form__part happyforms-part happyforms-part--submit\">\n\t\t<button type=\"submit\" class=\"happyforms-submit happyforms-button--submit \">Submit<\/button>\n\t<\/div>\t\t<\/div>\n\n\t\t\t<\/form>\n\n\t<\/div>\n\n      <\/div>\n    <\/aside>\n\n    <!-- Con\u021binut (mobil: dup\u0103 formular, desktop: coloana st\u00e2ng\u0103 sub imagine) -->\n    <section class=\"jp-content\">\n      <p>Oferim estim\u0103ri imediate, disponibilitate <strong>24\/7<\/strong>, siguran\u021b\u0103 \u0219i confiden\u021bialitate deplin\u0103.  \n      Suntem un broker polonez de zboruri charter cu peste 15 ani de experien\u021b\u0103.<\/p>\n\n      <h2>De ce Jet Partner?<\/h2>\n      <ul>\n        <li>Cea mai \u00eenalt\u0103 calitate a serviciilor \u00een domeniul charterului de avioane private.<\/li>\n        <li>Echip\u0103 experimentat\u0103 \u0219i calificat\u0103, cu un manager de zbor dedicat.<\/li>\n        <li>Confort \u0219i siguran\u021b\u0103: doar transportatori certifica\u021bi.<\/li>\n        <li>Zboruri de agrement \u0219i de afaceri \u2013 oric\u00e2nd, c\u0103tre aeroporturile alese de tine.<\/li>\n      <\/ul>\n\n      <h3>Despre noi<\/h3>\n      <p>Suntem un broker aerian polonez \u0219i, din 2012, oferim servicii de zboruri cu avioane private.  \n      Cei cincisprezece ani de activitate ne-au permis s\u0103 cunoa\u0219tem \u00een profunzime pia\u021ba operatorilor, specificul aeroporturilor europene  \n      \u0219i s\u0103 ne consolid\u0103m pozi\u021bia \u00een industrie.<\/p>\n      <p>Nu de\u021binem propriile aeronave. Organiz\u0103m zboruri exclusiv cu <strong>transportatori certifica\u021bi<\/strong>,  \n      care dispun de toate certific\u0103rile de siguran\u021b\u0103, asigur\u0103rile necesare \u0219i standarde tehnice \u00eenalte.<\/p>\n\n      <div class=\"jp-contact\">\n        <strong>Contact 24\/7:<\/strong><br>\n        +48 512 308 935 \/ +48 512 227 030<br>\n        <a href=\"mailto:sales@jetpartner.pl\">sales@jetpartner.pl<\/a><br>\n      <\/div>\n\n      <!-- \u00centreb\u0103ri frecvente -->\n      <div class=\"jp-faq\" aria-label=\"\u00centreb\u0103ri frecvente\">\n        <details>\n          <summary><strong>C\u00e2t de repede voi primi o ofert\u0103 pentru zbor?<\/strong><\/summary>\n          <p>De obicei \u00een c\u00e2teva minute de la solicitare (24\/7), \u00een func\u021bie de rut\u0103 \u0219i disponibilitatea aeroporturilor.<\/p>\n        <\/details>\n        <details>\n          <summary><strong>Pot modifica ora de plecare?<\/strong><\/summary>\n          <p>Da, charterul ofer\u0103 flexibilitate \u2013 ne adapt\u0103m programului t\u0103u, \u00een func\u021bie de disponibilitate.<\/p>\n        <\/details>\n        <details>\n          <summary><strong>De pe ce aeroporturi pot zbura?<\/strong><\/summary>\n          <p>Organiz\u0103m zboruri c\u0103tre aeroporturi interna\u021bionale \u0219i regionale la alegerea clientului \u2013 \u00ee\u021bi vom recomanda cele mai bune op\u021biuni.<\/p>\n        <\/details>\n      <\/div>\n    <\/section>\n\n    <!-- Imagine (mobil: dup\u0103 con\u021binut, desktop: coloana st\u00e2ng\u0103, sub H1, deasupra con\u021binutului) -->\n    <figure class=\"jp-image\">\n      <img decoding=\"async\" src=\"https:\/\/jetpartner.pl\/wp-content\/uploads\/2022\/11\/BusinessPeopleWorkingInPrivateJet_full-1.jpg\"\n           alt=\"Zbor privat cu avionul \u2013 confort, siguran\u021b\u0103 \u0219i discre\u021bie | Jet Partner\"\n           title=\"Charter avion privat \u2013 Jet Partner\">\n      <figcaption>Zbor confortabil cu avionul privat al Jet Partner<\/figcaption>\n    <\/figure>\n\n  <\/div>\n<\/div>\n\n<!-- Schema JSON-LD -->\n<div class=\"wp-block-html\">\n<script type=\"application\/ld+json\">\n{\n  \"@context\":\"https:\/\/schema.org\",\n  \"@type\":\"Service\",\n  \"name\":\"Charter avioane private \u2014 Jet Partner\",\n  \"areaServed\":\"Europa\",\n  \"provider\":{\n    \"@type\":\"Organization\",\n    \"name\":\"Jet Partner\",\n    \"email\":\"sales@jetpartner.pl\",\n    \"telephone\":[\"+48512308935\",\"+48512227030\"]\n  },\n  \"brand\":\"Jet Partner\",\n  \"serviceType\":\"Private Jet Charter\",\n  \"availability\":\"https:\/\/schema.org\/InStock\",\n  \"url\":\"https:\/\/jetpartner.pl\/ro\/book-jet\/\"\n}\n<\/script>\n<\/div>\n\n<p>Oferim zboruri private pentru scopuri recreative \u0219i de afaceri, asigur\u00e2nd cea mai \u00eenalt\u0103 calitate a serviciilor.  \nSolu\u021biile noastre \u00een domeniul charterului aerian sunt f\u0103r\u0103 egal \u2013 cu Jet Partner po\u021bi c\u0103l\u0103tori oric\u00e2nd, c\u0103tre orice destina\u021bie, \u00een condi\u021bii clare \u0219i personalizate.<\/p>\n\n\n\n<p><\/p>\n","protected":false},"excerpt":{"rendered":"<p>Solicit\u0103 acum o ofert\u0103 pentru un zbor privat cu Jet Partner. Zboruri de afaceri \u0219i recreative 24\/7, confort, siguran\u021b\u0103 \u0219i discre\u021bie absolut\u0103. Broker european cu peste 15 ani de experien\u021b\u0103.<\/p>\n","protected":false},"author":1,"featured_media":8367,"parent":0,"menu_order":0,"comment_status":"closed","ping_status":"closed","template":"","meta":{"content-type":"","inline_featured_image":false,"footnotes":""},"class_list":["post-9239","page","type-page","status-publish","has-post-thumbnail","hentry"],"featured_image_url":{"thumbnail":"https:\/\/jetpartner.pl\/wp-content\/uploads\/2025\/10\/O-nas-o-JetPartner-zdjecie-dla-strony.webp","medium":"https:\/\/jetpartner.pl\/wp-content\/uploads\/2025\/10\/O-nas-o-JetPartner-zdjecie-dla-strony.webp","medium_large":"https:\/\/jetpartner.pl\/wp-content\/uploads\/2025\/10\/O-nas-o-JetPartner-zdjecie-dla-strony.webp","large":"https:\/\/jetpartner.pl\/wp-content\/uploads\/2025\/10\/O-nas-o-JetPartner-zdjecie-dla-strony.webp","1536x1536":"https:\/\/jetpartner.pl\/wp-content\/uploads\/2025\/10\/O-nas-o-JetPartner-zdjecie-dla-strony.webp","2048x2048":"https:\/\/jetpartner.pl\/wp-content\/uploads\/2025\/10\/O-nas-o-JetPartner-zdjecie-dla-strony.webp"},"post_author":"admin","assigned_categories":"","_links":{"self":[{"href":"https:\/\/jetpartner.pl\/ro\/wp-json\/wp\/v2\/pages\/9239","targetHints":{"allow":["GET"]}}],"collection":[{"href":"https:\/\/jetpartner.pl\/ro\/wp-json\/wp\/v2\/pages"}],"about":[{"href":"https:\/\/jetpartner.pl\/ro\/wp-json\/wp\/v2\/types\/page"}],"author":[{"embeddable":true,"href":"https:\/\/jetpartner.pl\/ro\/wp-json\/wp\/v2\/users\/1"}],"replies":[{"embeddable":true,"href":"https:\/\/jetpartner.pl\/ro\/wp-json\/wp\/v2\/comments?post=9239"}],"version-history":[{"count":0,"href":"https:\/\/jetpartner.pl\/ro\/wp-json\/wp\/v2\/pages\/9239\/revisions"}],"wp:featuredmedia":[{"embeddable":true,"href":"https:\/\/jetpartner.pl\/ro\/wp-json\/wp\/v2\/media\/8367"}],"wp:attachment":[{"href":"https:\/\/jetpartner.pl\/ro\/wp-json\/wp\/v2\/media?parent=9239"}],"curies":[{"name":"wp","href":"https:\/\/api.w.org\/{rel}","templated":true}]}}