{"id":9228,"date":"2025-11-04T05:06:54","date_gmt":"2025-11-04T02:06:54","guid":{"rendered":"https:\/\/jetpartner.pl\/book-jet\/"},"modified":"2025-12-02T04:57:03","modified_gmt":"2025-12-02T01:57:03","slug":"book-jet","status":"publish","type":"page","link":"https:\/\/jetpartner.pl\/hu\/book-jet\/","title":{"rendered":"Foglaljon mag\u00e1nrep\u00fcl\u0151t | L\u00e9gi charter | Jet Partner"},"content":{"rendered":"\n<!-- Jet Partner: Rep\u00fcl\u00e9si aj\u00e1nlatk\u00e9r\u00e9s (Gutenberg, mobile-first, HU) -->\n<style>\n  .jp-query{--gap:20px;--shadow:0 8px 20px rgba(0,0,0,.08);--radius:14px;}\n  .jp-grid{\n    display:grid;gap:var(--gap);\n    grid-template-columns:1fr;\n    grid-template-areas:\n      \"header\"\n      \"form\"\n      \"content\"\n      \"image\";\n  }\n  .jp-header{grid-area:header;}\n  .jp-form{grid-area:form;background:#fff;padding:24px;border-radius:var(--radius);box-shadow:var(--shadow);}\n  .jp-content{grid-area:content;}\n  .jp-image{grid-area:image;margin:0;}\n  .jp-image img{width:100%;height:auto;display:block;border-radius:10px;}\n  .jp-contact{margin-top:1rem;padding:12px;border:1px solid #eee;border-radius:10px;}\n  .jp-faq details{margin-top:.5rem}\n  @media (min-width: 992px){\n    .jp-grid{\n      grid-template-columns: 65% 35%;\n      grid-template-areas:\n        \"header form\"\n        \"image  form\"\n        \"content form\";\n      align-items:start;\n    }\n    .jp-form{position:sticky; top:24px;}\n  }\n<\/style>\n\n<div class=\"jp-query\">\n  <div class=\"jp-grid\">\n\n    <!-- H1 -->\n    <div class=\"jp-header\">\n      <h1>K\u00e9rjen aj\u00e1nlatot mag\u00e1nrep\u00fcl\u0151 \u00fatra<\/h1>\n    <\/div>\n\n    <!-- Form -->\n    <aside class=\"jp-form\" aria-label=\"Aj\u00e1nlatk\u00e9r\u0151 \u0171rlap\">\n      <h2 style=\"margin-top:0\">Aj\u00e1nlatk\u00e9r\u0151 \u0171rlap<\/h2>\n      <div class=\"wp-block-html\">\n        \t\t\t<link rel=\"stylesheet\" property=\"stylesheet\" href=\"https:\/\/jetpartner.pl\/wp-content\/plugins\/happyforms-upgrade\/bundles\/css\/frontend.css\" \/>\n\t\t\t\t<!-- HappyForms CSS variables -->\n\t<style>\n\t#happyforms-9231 {\n\t\t--happyforms-part-title-font-size: 16px;\n--happyforms-part-description-font-size: 14px;\n--happyforms-part-value-font-size: 16px;\n--happyforms-submit-button-font-size: 18px;\n--happyforms-color-primary: #000000;\n--happyforms-color-success-notice: #ebf9f0;\n--happyforms-color-success-notice-text: #1eb452;\n--happyforms-color-error: #ff7550;\n--happyforms-color-error-notice: #ffeae5;\n--happyforms-color-error-notice-text: #ff4200;\n--happyforms-color-part-title: #000000;\n--happyforms-color-part-value: #000000;\n--happyforms-color-part-placeholder: #888888;\n--happyforms-color-part-description: #454545;\n--happyforms-color-part-border: #dbdbdb;\n--happyforms-color-part-border-focus: #a8987e;\n--happyforms-color-part-background: #ffffff;\n--happyforms-color-part-background-focus: #ffffff;\n--happyforms-color-submit-background: #a8987e;\n--happyforms-color-submit-background-hover: #a8987e;\n--happyforms-color-submit-border: ;\n--happyforms-color-submit-text: #ffffff;\n--happyforms-color-submit-text-hover: #ffffff;\n--happyforms-color-table-row-odd: #fcfcfc;\n--happyforms-color-table-row-even: #efefef;\n--happyforms-color-table-row-odd-text: #000000;\n--happyforms-color-table-row-even-text: #000000;\n--happyforms-color-dropdown-item-bg: #ffffff;\n--happyforms-color-dropdown-item-text: #000000;\n--happyforms-color-dropdown-item-bg-hover: #dbdbdb;\n--happyforms-color-dropdown-item-text-hover: #000000;\n--happyforms-color-divider-hr: #cccccc;\n--happyforms-color-choice-checkmark-bg: #ffffff;\n--happyforms-color-choice-checkmark-bg-focus: #000000;\n--happyforms-color-choice-checkmark-color: #ffffff;\n--happyforms-color-rating: #cccccc;\n--happyforms-color-rating-hover: #f39c00;\n--happyforms-color-multistep-info-text-color: #000000;\n--happyforms-color-multistep-info-back-color: #000000;\n--happyforms-color-multistep-info-back-color-hover: #000000;\n--happyforms-poll-bar-color: #e8e8e8;\n--happyforms-poll-link-color: #000000;\n--happyforms-poll-winner-color: #000000;\n\t}\n\t<\/style>\n\t<!-- End of HappyForms CSS variables -->\n\t\t<!-- HappyForms Additional CSS -->\n\t<style data-happyforms-additional-css>\n\t\t<\/style>\n\t<!-- End of HappyForms Additional CSS -->\n\t\t\t<link rel=\"stylesheet\" type=\"text\/css\" href=\"https:\/\/jetpartner.pl\/wp-content\/plugins\/happyforms-upgrade\/core\/assets\/css\/no-interaction.css\">\n\t\t<div class=\"happyforms-form happyforms-styles happyforms-form--submit-button-border-radius-square\" id=\"happyforms-9231\">\n\t\t\n\t<form action=\"\" id=\"happyforms-form-9231\" method=\"post\" novalidate=\"true\" autocomplete=\"off\">\n\t\t\t\t<input type=\"hidden\" name=\"happyforms_random_seed\" value=\"2852445616\" \/>\n\t\t\n\t\t\t<input type=\"hidden\" name=\"action\" value=\"happyforms_message\">\n\t\t\t\t<input type=\"hidden\" name=\"client_referer\" value=\"\">\n\t\t\t\t<input type=\"hidden\" name=\"current_post_id\" value=\"\">\n\t\t\t\t<input type=\"hidden\" name=\"happyforms_form_id\" value=\"9231\" \/>\n\t\t\t\t<input type=\"hidden\" name=\"happyforms_step\" value=\"0\" \/>\n\t\n\t\t<div class=\"happyforms-flex\">\n\t\t\t\t<label for=\"9231-multi_line_text\" class=\"screen-reader-text\">Leave this field blank<\/label>\n\t<input type=\"text\" id=\"9231-multi_line_text\" name=\"9231-multi_line_text\" style=\"display: none;\" tabindex=\"-1\" autocomplete=\"off\" aria-hidden=\"true\">\n\t\t\t\t\t\t\t\t\t\t<div class=\"happyforms-form__part happyforms-part happyforms-part--single_line_text happyforms-part--width-half happyforms-part--label-hidden\" id=\"happyforms-9231_single_line_text_1-part\" data-happyforms-type=\"single_line_text\" data-happyforms-id=\"single_line_text_1\" data-happyforms-required=\"\">\n\t<div class=\"happyforms-part-wrap\">\n\t\t\n\t\t\t\t\t\t<div class=\"happyforms-part__label-container\">\n\t\t\t<\/div>\n\t\t\t\n\t\t\n\t\t<div class=\"happyforms-part__el\">\n\t\t\t\n\t\t\t\n\t\t\t<div class=\"happyforms-input\">\n\t\t\t\t\n\t\t\t\t<input id=\"happyforms-9231_single_line_text_1\" type=\"text\" name=\"9231_single_line_text_1\" value=\"\" placeholder=\"N\u00e9v\" autocomplete=\"off\" spellcheck=\"false\"  autocorrect=\"off\" \/>\n\t\t\t\t\t\t\t<\/div>\n\n\t\t\t\n\t\t\t\n\t\t\t\t\t<\/div>\n\t<\/div>\n<\/div>\n<div class=\"happyforms-form__part happyforms-part happyforms-part--single_line_text happyforms-part--width-half happyforms-part--label-hidden\" id=\"happyforms-9231_single_line_text_2-part\" data-happyforms-type=\"single_line_text\" data-happyforms-id=\"single_line_text_2\" data-happyforms-required=\"\">\n\t<div class=\"happyforms-part-wrap\">\n\t\t\n\t\t\t\t\t\t<div class=\"happyforms-part__label-container\">\n\t\t\t<\/div>\n\t\t\t\n\t\t\n\t\t<div class=\"happyforms-part__el\">\n\t\t\t\n\t\t\t\n\t\t\t<div class=\"happyforms-input\">\n\t\t\t\t\n\t\t\t\t<input id=\"happyforms-9231_single_line_text_2\" type=\"text\" name=\"9231_single_line_text_2\" value=\"\" placeholder=\"Vezet\u00e9kn\u00e9v\" autocomplete=\"off\" spellcheck=\"false\"  autocorrect=\"off\" \/>\n\t\t\t\t\t\t\t<\/div>\n\n\t\t\t\n\t\t\t\n\t\t\t\t\t<\/div>\n\t<\/div>\n<\/div>\n<div class=\"happyforms-form__part happyforms-part happyforms-part--number happyforms-part--width-half happyforms-part--label-hidden\" id=\"happyforms-9231_number_16-part\" data-happyforms-type=\"number\" data-happyforms-id=\"number_16\" data-happyforms-required=\"\">\n\t<div class=\"happyforms-part-wrap\">\n\t\t\n\t\t\t\t\t\t<div class=\"happyforms-part__label-container\">\n\t\t\t<\/div>\n\t\t\t\n\t\t\n\t\t<div class=\"happyforms-part__el\">\n\t\t\t\n\t\t\t\n\t\t\t<div class=\"happyforms-input\">\n\t\t\t\t\t\t\t\t<input id=\"happyforms-9231_number_16\" type=\"number\" value=\"\" name=\"9231_number_16\" placeholder=\"Telefonsz\u00e1m\" min=\"\" max=\"\" step=\"1\" autocomplete=\"off\" spellcheck=\"false\" \/>\n\t\t\t\t\t\t\t<\/div>\n\n\t\t\t\n\t\t\t\n\t\t\t\t\t<\/div>\n\t<\/div>\n<\/div>\n<div class=\"happyforms-part--with-autocomplete happyforms-form__part happyforms-part happyforms-part--email happyforms-part--width-half happyforms-part--label-hidden\" id=\"happyforms-9231_email_3-part\" data-happyforms-type=\"email\" data-happyforms-id=\"email_3\" data-happyforms-required=\"\">\n\t\t<div class=\"happyforms-part-wrap\">\n\t\t\t\t\t\t<div class=\"happyforms-part__label-container\">\n\t\t\t<\/div>\n\t\t\t\n\t\t\n\t\t<div class=\"happyforms-part__el\">\n\t\t\t\n\t\t\t\n\t\t\t<div class=\"happyforms-input\">\n\t\t\t\t<input type=\"email\" name=\"9231_email_3\" id=\"happyforms-9231_email_3\" value=\"\" placeholder=\"Email\" autocomplete=\"off\" spellcheck=\"false\"  autocorrect=\"off\" \/>\n\t\t\t\t\t\t\t<\/div>\n\n\t\t\t\n\t\t\t\n\t\t\t\t\t<\/div>\n\t<\/div>\n<\/div>\n<div class=\"happyforms-form__part happyforms-part happyforms-part--single_line_text happyforms-part--width-half happyforms-part--label-hidden\" id=\"happyforms-9231_single_line_text_12-part\" data-happyforms-type=\"single_line_text\" data-happyforms-id=\"single_line_text_12\" data-happyforms-required=\"\">\n\t<div class=\"happyforms-part-wrap\">\n\t\t\n\t\t\t\t\t\t<div class=\"happyforms-part__label-container\">\n\t\t\t<\/div>\n\t\t\t\n\t\t\n\t\t<div class=\"happyforms-part__el\">\n\t\t\t\n\t\t\t\n\t\t\t<div class=\"happyforms-input\">\n\t\t\t\t\n\t\t\t\t<input id=\"happyforms-9231_single_line_text_12\" type=\"text\" name=\"9231_single_line_text_12\" value=\"\" placeholder=\"Indul\u00e1si rep\u00fcl\u0151t\u00e9r\" autocomplete=\"off\" spellcheck=\"false\"  autocorrect=\"off\" \/>\n\t\t\t\t\t\t\t<\/div>\n\n\t\t\t\n\t\t\t\n\t\t\t\t\t<\/div>\n\t<\/div>\n<\/div>\n<div class=\"happyforms-form__part happyforms-part happyforms-part--single_line_text happyforms-part--width-half happyforms-part--label-hidden\" id=\"happyforms-9231_single_line_text_13-part\" data-happyforms-type=\"single_line_text\" data-happyforms-id=\"single_line_text_13\" data-happyforms-required=\"\">\n\t<div class=\"happyforms-part-wrap\">\n\t\t\n\t\t\t\t\t\t<div class=\"happyforms-part__label-container\">\n\t\t\t<\/div>\n\t\t\t\n\t\t\n\t\t<div class=\"happyforms-part__el\">\n\t\t\t\n\t\t\t\n\t\t\t<div class=\"happyforms-input\">\n\t\t\t\t\n\t\t\t\t<input id=\"happyforms-9231_single_line_text_13\" type=\"text\" name=\"9231_single_line_text_13\" value=\"\" placeholder=\"\u00c9rkez\u00e9si rep\u00fcl\u0151t\u00e9r\" autocomplete=\"off\" spellcheck=\"false\"  autocorrect=\"off\" \/>\n\t\t\t\t\t\t\t<\/div>\n\n\t\t\t\n\t\t\t\n\t\t\t\t\t<\/div>\n\t<\/div>\n<\/div>\n<div class=\"happyforms-form__part happyforms-part happyforms-part--date happyforms-part--width-half happyforms-part--label-hidden happyforms-part-date--required happyforms-part-date--date happyforms-part-date--12\" id=\"happyforms-9231_date_18-part\" data-happyforms-type=\"date\" data-happyforms-id=\"date_18\" data-happyforms-required=\"\">\n\t<div class=\"happyforms-part-wrap\">\n\t\t\t\t\t\t\t\t<div class=\"happyforms-part__label-container\">\n\t\t\t<\/div>\n\t\t\t\n\t\t<span class=\"happyforms-part__description\">Indul\u00e1s d\u00e1tuma<\/span>\n\t\t<div class=\"happyforms-part__el\">\n\t\t\t\t\t\t\n<div class=\"happyforms-part-date__date-input happyforms-part--date__input-wrap happyforms-part-date-input--date\">\n\t<div class=\"happyforms-custom-date\" data-searchable=\"true\">\n\t\t<div class=\"happyforms-part__date-wrap\">\n\t\t\t<div class=\"happyforms-input\">\n\t\t\t\t<input type=\"date\" min=\"1924-01-01\" max=\"2044-12-31\" value=\"\" name=\"9231_date_18[date]\" data-serialize required class=\"happyforms-date-field\" \/>\n\t\t\t<\/div>\n\t\t<\/div>\n\t<\/div>\n<\/div>\n\t\t\t\t\t\t\t\t<\/div>\n\t\t\t<\/div>\n<\/div>\n<div class=\"happyforms-form__part happyforms-part happyforms-part--date happyforms-part--width-half happyforms-part--label-hidden happyforms-part-date--required happyforms-part-date--date happyforms-part-date--12\" id=\"happyforms-9231_date_19-part\" data-happyforms-type=\"date\" data-happyforms-id=\"date_19\" data-happyforms-required=\"\">\n\t<div class=\"happyforms-part-wrap\">\n\t\t\t\t\t\t\t\t<div class=\"happyforms-part__label-container\">\n\t\t\t<\/div>\n\t\t\t\n\t\t<span class=\"happyforms-part__description\">Vissza\u00fat<\/span>\n\t\t<div class=\"happyforms-part__el\">\n\t\t\t\t\t\t\n<div class=\"happyforms-part-date__date-input happyforms-part--date__input-wrap happyforms-part-date-input--date\">\n\t<div class=\"happyforms-custom-date\" data-searchable=\"true\">\n\t\t<div class=\"happyforms-part__date-wrap\">\n\t\t\t<div class=\"happyforms-input\">\n\t\t\t\t<input type=\"date\" min=\"1924-01-01\" max=\"2044-12-31\" value=\"\" name=\"9231_date_19[date]\" data-serialize required class=\"happyforms-date-field\" \/>\n\t\t\t<\/div>\n\t\t<\/div>\n\t<\/div>\n<\/div>\n\t\t\t\t\t\t\t\t<\/div>\n\t\t\t<\/div>\n<\/div>\n<div class=\"happyforms-form__part happyforms-part happyforms-part--single_line_text happyforms-part--width-third happyforms-part--label-hidden\" id=\"happyforms-9231_single_line_text_15-part\" data-happyforms-type=\"single_line_text\" data-happyforms-id=\"single_line_text_15\" data-happyforms-required=\"\">\n\t<div class=\"happyforms-part-wrap\">\n\t\t\n\t\t\t\t\t\t<div class=\"happyforms-part__label-container\">\n\t\t\t<\/div>\n\t\t\t\n\t\t\n\t\t<div class=\"happyforms-part__el\">\n\t\t\t\n\t\t\t\n\t\t\t<div class=\"happyforms-input\">\n\t\t\t\t\n\t\t\t\t<input id=\"happyforms-9231_single_line_text_15\" type=\"text\" name=\"9231_single_line_text_15\" value=\"\" placeholder=\"Utasok sz\u00e1ma\" autocomplete=\"off\" spellcheck=\"false\"  autocorrect=\"off\" \/>\n\t\t\t\t\t\t\t<\/div>\n\n\t\t\t\n\t\t\t\n\t\t\t\t\t<\/div>\n\t<\/div>\n<\/div>\n<div class=\"happyforms-form__part happyforms-part happyforms-part--single_line_text happyforms-part--width-third happyforms-part--label-hidden\" id=\"happyforms-9231_single_line_text_20-part\" data-happyforms-type=\"single_line_text\" data-happyforms-id=\"single_line_text_20\" data-happyforms-required=\"\">\n\t<div class=\"happyforms-part-wrap\">\n\t\t\n\t\t\t\t\t\t<div class=\"happyforms-part__label-container\">\n\t\t\t<\/div>\n\t\t\t\n\t\t\n\t\t<div class=\"happyforms-part__el\">\n\t\t\t\n\t\t\t\n\t\t\t<div class=\"happyforms-input\">\n\t\t\t\t\n\t\t\t\t<input id=\"happyforms-9231_single_line_text_20\" type=\"text\" name=\"9231_single_line_text_20\" value=\"\" placeholder=\"18 \u00e9v feletti gyermekek is bele\u00e9rtve\" autocomplete=\"off\" spellcheck=\"false\"  autocorrect=\"off\" \/>\n\t\t\t\t\t\t\t<\/div>\n\n\t\t\t\n\t\t\t\n\t\t\t\t\t<\/div>\n\t<\/div>\n<\/div>\n<div class=\"happyforms-form__part happyforms-part happyforms-part--single_line_text happyforms-part--width-third happyforms-part--label-hidden\" id=\"happyforms-9231_single_line_text_21-part\" data-happyforms-type=\"single_line_text\" data-happyforms-id=\"single_line_text_21\" data-happyforms-required=\"\">\n\t<div class=\"happyforms-part-wrap\">\n\t\t\n\t\t\t\t\t\t<div class=\"happyforms-part__label-container\">\n\t\t\t<\/div>\n\t\t\t\n\t\t\n\t\t<div class=\"happyforms-part__el\">\n\t\t\t\n\t\t\t\n\t\t\t<div class=\"happyforms-input\">\n\t\t\t\t\n\t\t\t\t<input id=\"happyforms-9231_single_line_text_21\" type=\"text\" name=\"9231_single_line_text_21\" value=\"\" placeholder=\"\u00c1llatok\" autocomplete=\"off\" spellcheck=\"false\"  autocorrect=\"off\" \/>\n\t\t\t\t\t\t\t<\/div>\n\n\t\t\t\n\t\t\t\n\t\t\t\t\t<\/div>\n\t<\/div>\n<\/div>\n<div class=\"happyforms-form__part happyforms-part happyforms-part--multi_line_text happyforms-part--width-full happyforms-part--label-hidden\" id=\"happyforms-9231_multi_line_text_9-part\" data-happyforms-type=\"multi_line_text\" data-happyforms-id=\"multi_line_text_9\" data-happyforms-required=\"\">\n\t<div class=\"happyforms-part-wrap\">\n\t\t\t\t\t\t<div class=\"happyforms-part__label-container\">\n\t\t\t<\/div>\n\t\t\t\n\t\t\n\t\t<div class=\"happyforms-part__el\">\n\t\t\t\n\t\t\t\t\t\t<textarea id=\"happyforms-9231_multi_line_text_9\" name=\"9231_multi_line_text_9\" rows=\"5\" placeholder=\"Tov\u00e1bbi inform\u00e1ci\u00f3k a tervezett j\u00e1ratr\u00f3l\" autocomplete=\"off\" spellcheck=\"false\" autocorrect=\"off\" ><\/textarea>\n\t\t\t\n\t\t\t\n\t\t\t\t\t<\/div>\n\t<\/div>\n<\/div>\n<div class=\"happyforms-part--choice happyforms-form__part happyforms-part happyforms-part--radio happyforms-part--width-full happyforms-part--label-hidden\" id=\"happyforms-9231_radio_22-part\" data-happyforms-type=\"radio\" data-happyforms-id=\"radio_22\" data-happyforms-required=\"\">\n\t<div class=\"happyforms-part-wrap\">\n\t\t\t<div class=\"happyforms-part__label-container\">\n\t\t\t<\/div>\n\t\n\t\t<span class=\"happyforms-part__description\">Hozz\u00e1j\u00e1rulok ahhoz, hogy a T\u00e1rsas\u00e1g a nevemet, vezet\u00e9knevemet, e-mail c\u00edmemet \u00e9s telefonsz\u00e1momat, amelyeket az \u0171rlapon megadtam, kezelje a T\u00e1rsas\u00e1g aj\u00e1nlat\u00e1nak bemutat\u00e1sa c\u00e9lj\u00e1b\u00f3l, v\u00e1laszk\u00e9nt a megkeres\u00e9semre.<\/span>\n\t\t\n\t\t<div class=\"happyforms-part__el\">\n\t\t\t\t\t\t\t\t\t\t<div class=\"happyforms-part__option happyforms-part-option\" id=\"radio_22_option_1715570915121\">\n\t\t\t\t<label class=\"option-label\">\n\t\t\t\t\t<input type=\"radio\" class=\"happyforms-visuallyhidden\" name=\"9231_radio_22\" value=\"0\"  autocomplete=\"off\" spellcheck=\"false\" >\n\t\t\t\t\t<span class=\"checkmark\"><span class=\"happyforms-radio-circle\"><\/span><\/span>\n\t\t\t\t\t<span class=\"label-wrap\">\n\t\t\t\t\t\t<span class=\"label\"><\/span>\t\t\t\t\t<\/span>\n\t\t\t\t<\/label>\n\t\t\t\t\t\t\t<\/div>\n\t\t\t\n\t\t\t\n\t\t\t\t\t<\/div>\n\t<\/div>\n<\/div>\n<div class=\"happyforms-part--choice happyforms-form__part happyforms-part happyforms-part--radio happyforms-part--width-full happyforms-part--label-hidden\" id=\"happyforms-9231_radio_23-part\" data-happyforms-type=\"radio\" data-happyforms-id=\"radio_23\">\n\t<div class=\"happyforms-part-wrap\">\n\t\t\t<div class=\"happyforms-part__label-container\">\n\t\t\t<\/div>\n\t\n\t\t<span class=\"happyforms-part__description\">Hozz\u00e1j\u00e1rulok ahhoz, hogy a T\u00e1rsas\u00e1g az \u0171rlapon megadott e-mail c\u00edmemet \u00e9s telefonsz\u00e1momat v\u00e9gberendez\u00e9seken \u00e9s automatiz\u00e1lt h\u00edv\u00f3rendszereken, illetve elektronikus kommunik\u00e1ci\u00f3s eszk\u00f6z\u00f6k\u00f6n (e-mail, SMS, MMS) kereszt\u00fcl k\u00f6zvetlen marketing c\u00e9lj\u00e1b\u00f3l haszn\u00e1lja, ide\u00e9rtve a T\u00e1rsas\u00e1g \u00e1ltal k\u00edn\u00e1lt akci\u00f3kr\u00f3l \u00e9s k\u00fcl\u00f6nleges aj\u00e1nlatokr\u00f3l sz\u00f3l\u00f3 kereskedelmi inform\u00e1ci\u00f3k (h\u00edrlev\u00e9l) k\u00fcld\u00e9s\u00e9t is.<\/span>\n\t\t\n\t\t<div class=\"happyforms-part__el\">\n\t\t\t\t\t\t\t\t\t\t<div class=\"happyforms-part__option happyforms-part-option\" id=\"radio_23_option_1715571026406\">\n\t\t\t\t<label class=\"option-label\">\n\t\t\t\t\t<input type=\"radio\" class=\"happyforms-visuallyhidden\" name=\"9231_radio_23\" value=\"0\"  autocomplete=\"off\" spellcheck=\"false\" >\n\t\t\t\t\t<span class=\"checkmark\"><span class=\"happyforms-radio-circle\"><\/span><\/span>\n\t\t\t\t\t<span class=\"label-wrap\">\n\t\t\t\t\t\t<span class=\"label\"><\/span>\t\t\t\t\t<\/span>\n\t\t\t\t<\/label>\n\t\t\t\t\t\t\t<\/div>\n\t\t\t\n\t\t\t\n\t\t\t\t\t<\/div>\n\t<\/div>\n<\/div>\n\t\t\t\t<div class=\"happyforms-form__part happyforms-part happyforms-part--recaptcha happyforms-recaptcha-v2\" data-sitekey=\"6LfQ1WgsAAAAAE8ETFJP6V_piMqETtdZ-rfL8WK5\" data-happyforms-type=\"recaptcha_v2\" data-theme=\"light\">\n\t\t\t\t\t<label for=\"g-recaptcha-response\" class=\"happyforms-part__label\">\n\t\t\t\t<span class=\"label\">Validate your submission<\/span>\n\t\t\t<\/label>\n\t\t\t\t<div class=\"happyforms-part-wrap\" id=\"happyforms-9231-recaptcha\"><\/div>\n\n\t\t\t<\/div>\n\t\t\t\t<div class=\"happyforms-form__part happyforms-part happyforms-part--submit\">\n\t\t<button type=\"submit\" class=\"happyforms-submit happyforms-button--submit \">Submit<\/button>\n\t<\/div>\t\t<\/div>\n\n\t\t\t<\/form>\n\n\t<\/div>\n\n      <\/div>\n    <\/aside>\n\n    <!-- Content -->\n    <section class=\"jp-content\">\n      <p>Azonnali \u00e1rbecsl\u00e9sek, <strong>24\/7<\/strong> el\u00e9rhet\u0151s\u00e9g, biztons\u00e1g \u00e9s teljes diszkr\u00e9ci\u00f3.  \n      Lengyel l\u00e9gi br\u00f3kerk\u00e9nt t\u00f6bb mint 15 \u00e9ves tapasztalattal rendelkez\u00fcnk a <strong>l\u00e9gi charter<\/strong> ter\u00fclet\u00e9n.<\/p>\n\n      <h2>Mi\u00e9rt a Jet Partner?<\/h2>\n      <ul>\n        <li>A legmagasabb sz\u00ednvonal\u00fa szolg\u00e1ltat\u00e1s a mag\u00e1nrep\u00fcl\u0151g\u00e9pek b\u00e9rl\u00e9s\u00e9ben (l\u00e9gi charter).<\/li>\n        <li>Tapasztalt \u00e9s tan\u00fas\u00edtott csapat, dedik\u00e1lt rep\u00fcl\u00e9si koordin\u00e1tor.<\/li>\n        <li>K\u00e9nyelem \u00e9s biztons\u00e1g: kiz\u00e1r\u00f3lag tan\u00fas\u00edtott l\u00e9git\u00e1rsas\u00e1gokkal dolgozunk.<\/li>\n        <li>\u00dczleti \u00e9s szabadid\u0151s j\u00e1ratok \u2013 b\u00e1rmikor, az \u00d6n \u00e1ltal v\u00e1lasztott rep\u00fcl\u0151terekre.<\/li>\n      <\/ul>\n\n      <h3>R\u00f3lunk<\/h3>\n      <p>Mi egy lengyel l\u00e9gi br\u00f3ker vagyunk, \u00e9s 2012 \u00f3ta k\u00edn\u00e1lunk mag\u00e1nrep\u00fcl\u0151g\u00e9pes szolg\u00e1ltat\u00e1sokat.  \n      T\u00f6bb mint tizen\u00f6t \u00e9ves tapasztalatunknak k\u00f6sz\u00f6nhet\u0151en kiv\u00e1l\u00f3an ismerj\u00fck az \u00fczemeltet\u0151i piacot, az eur\u00f3pai rep\u00fcl\u0151terek saj\u00e1toss\u00e1gait, \u00e9s er\u0151s poz\u00edci\u00f3t \u00e9p\u00edtett\u00fcnk az ipar\u00e1gban.<\/p>\n\n      <p>Nem rendelkez\u00fcnk saj\u00e1t rep\u00fcl\u0151g\u00e9pekkel. Csak <strong>tan\u00fas\u00edtott l\u00e9git\u00e1rsas\u00e1gokkal<\/strong> szervez\u00fcnk j\u00e1ratokat, amelyek rendelkeznek minden sz\u00fcks\u00e9ges biztons\u00e1gi tan\u00fas\u00edtv\u00e1nnyal, biztos\u00edt\u00e1ssal \u00e9s magas szint\u0171 karbantart\u00e1si norm\u00e1val.<\/p>\n\n      <div class=\"jp-contact\">\n        <strong>Kapcsolat 24\/7:<\/strong><br>\n        +48 512 308 935 \/ +48 512 227 030<br>\n        <a href=\"mailto:sales@jetpartner.pl\">sales@jetpartner.pl<\/a><br>\n      <\/div>\n\n      <!-- FAQ -->\n      <div class=\"jp-faq\" aria-label=\"Gyakran ism\u00e9telt k\u00e9rd\u00e9sek\">\n        <details>\n          <summary><strong>Milyen gyorsan kapok rep\u00fcl\u00e9si aj\u00e1nlatot?<\/strong><\/summary>\n          <p>\u00c1ltal\u00e1ban n\u00e9h\u00e1ny percen bel\u00fcl (24\/7), az \u00fatvonalt\u00f3l \u00e9s a rep\u00fcl\u0151t\u00e9ri id\u0151pontokt\u00f3l f\u00fcgg\u0151en.<\/p>\n        <\/details>\n        <details>\n          <summary><strong>Megv\u00e1ltoztathatom az indul\u00e1s id\u0151pontj\u00e1t?<\/strong><\/summary>\n          <p>Igen, a charter teljes rugalmass\u00e1got k\u00edn\u00e1l \u2013 az \u00d6n id\u0151beoszt\u00e1s\u00e1hoz igaz\u00edtjuk a j\u00e1ratot, amennyiben lehets\u00e9ges.<\/p>\n        <\/details>\n        <details>\n          <summary><strong>Mely rep\u00fcl\u0151tereket vehetem ig\u00e9nybe?<\/strong><\/summary>\n          <p>Nemzetk\u00f6zi \u00e9s region\u00e1lis rep\u00fcl\u0151terekre szervez\u00fcnk j\u00e1ratokat, az \u00d6n ig\u00e9nyei szerint \u2013 seg\u00edt\u00fcnk kiv\u00e1lasztani a legjobb opci\u00f3t.<\/p>\n        <\/details>\n      <\/div>\n    <\/section>\n\n    <!-- Image -->\n    <figure class=\"jp-image\">\n      <img decoding=\"async\" src=\"https:\/\/jetpartner.pl\/wp-content\/uploads\/2022\/11\/BusinessPeopleWorkingInPrivateJet_full-1.jpg\"\n           alt=\"Mag\u00e1nrep\u00fcl\u0151g\u00e9p utaz\u00e1s \u2013 k\u00e9nyelem, biztons\u00e1g \u00e9s diszkr\u00e9ci\u00f3 | Jet Partner\"\n           title=\"Mag\u00e1nrep\u00fcl\u0151 b\u00e9rl\u00e9s \u2013 Jet Partner\">\n      <figcaption>K\u00e9nyelmes utaz\u00e1s mag\u00e1nrep\u00fcl\u0151g\u00e9ppel a Jet Partnerrel<\/figcaption>\n    <\/figure>\n\n  <\/div>\n<\/div>\n\n<!-- JSON-LD schema (HU) -->\n<div class=\"wp-block-html\">\n<script type=\"application\/ld+json\">\n{\n  \"@context\":\"https:\/\/schema.org\",\n  \"@type\":\"Service\",\n  \"name\":\"Mag\u00e1nrep\u00fcl\u0151g\u00e9p b\u00e9rl\u00e9s \u2014 Jet Partner\",\n  \"areaServed\":\"Eur\u00f3pa\",\n  \"provider\":{\n    \"@type\":\"Organization\",\n    \"name\":\"Jet Partner\",\n    \"email\":\"sales@jetpartner.pl\",\n    \"telephone\":[\"+48512308935\",\"+48512227030\"]\n  },\n  \"brand\":\"Jet Partner\",\n  \"serviceType\":\"Mag\u00e1nrep\u00fcl\u0151g\u00e9p b\u00e9rl\u00e9s (l\u00e9gi charter)\",\n  \"availability\":\"https:\/\/schema.org\/InStock\",\n  \"url\":\"https:\/\/jetpartner.pl\/hu\/book-jet\/\"\n}\n<\/script>\n<\/div>\n\n\n\n\n<p><\/p>\n","protected":false},"excerpt":{"rendered":"<p>Nudimo privatne zra\u010dne \u010dartere za poslovne i rekreativne letove. Najvi\u0161a razina usluge, sigurnost i fleksibilnost 24\/7. Putujte kad god i kamo god po\u017eelite.<\/p>\n","protected":false},"author":1,"featured_media":9229,"parent":0,"menu_order":0,"comment_status":"closed","ping_status":"closed","template":"","meta":{"content-type":"","inline_featured_image":false,"footnotes":""},"class_list":["post-9228","page","type-page","status-publish","has-post-thumbnail","hentry"],"featured_image_url":{"thumbnail":"https:\/\/jetpartner.pl\/wp-content\/uploads\/2022\/11\/BusinessPeopleWorkingInPrivateJet_full-1.jpg","medium":"https:\/\/jetpartner.pl\/wp-content\/uploads\/2022\/11\/BusinessPeopleWorkingInPrivateJet_full-1.jpg","medium_large":"https:\/\/jetpartner.pl\/wp-content\/uploads\/2022\/11\/BusinessPeopleWorkingInPrivateJet_full-1-768x512.jpg","large":"https:\/\/jetpartner.pl\/wp-content\/uploads\/2022\/11\/BusinessPeopleWorkingInPrivateJet_full-1.jpg","1536x1536":"https:\/\/jetpartner.pl\/wp-content\/uploads\/2022\/11\/BusinessPeopleWorkingInPrivateJet_full-1-1536x1024.jpg","2048x2048":"https:\/\/jetpartner.pl\/wp-content\/uploads\/2022\/11\/BusinessPeopleWorkingInPrivateJet_full-1-2048x1366.jpg"},"post_author":"admin","assigned_categories":"","_links":{"self":[{"href":"https:\/\/jetpartner.pl\/hu\/wp-json\/wp\/v2\/pages\/9228","targetHints":{"allow":["GET"]}}],"collection":[{"href":"https:\/\/jetpartner.pl\/hu\/wp-json\/wp\/v2\/pages"}],"about":[{"href":"https:\/\/jetpartner.pl\/hu\/wp-json\/wp\/v2\/types\/page"}],"author":[{"embeddable":true,"href":"https:\/\/jetpartner.pl\/hu\/wp-json\/wp\/v2\/users\/1"}],"replies":[{"embeddable":true,"href":"https:\/\/jetpartner.pl\/hu\/wp-json\/wp\/v2\/comments?post=9228"}],"version-history":[{"count":0,"href":"https:\/\/jetpartner.pl\/hu\/wp-json\/wp\/v2\/pages\/9228\/revisions"}],"wp:featuredmedia":[{"embeddable":true,"href":"https:\/\/jetpartner.pl\/hu\/wp-json\/wp\/v2\/media\/9229"}],"wp:attachment":[{"href":"https:\/\/jetpartner.pl\/hu\/wp-json\/wp\/v2\/media?parent=9228"}],"curies":[{"name":"wp","href":"https:\/\/api.w.org\/{rel}","templated":true}]}}