{"id":9244,"date":"2025-11-04T06:20:32","date_gmt":"2025-11-04T03:20:32","guid":{"rendered":"https:\/\/jetpartner.pl\/?page_id=9244"},"modified":"2025-12-02T05:14:41","modified_gmt":"2025-12-02T02:14:41","slug":"book-jet","status":"publish","type":"page","link":"https:\/\/jetpartner.pl\/es\/book-jet\/","title":{"rendered":"Charter de jet privado en Europa 24\/7"},"content":{"rendered":"\n<!-- Jet Partner: Solicitud de vuelo (Gutenberg, mobile-first) -->\n<style>\n  .jp-query{--gap:20px;--shadow:0 8px 20px rgba(0,0,0,.08);--radius:14px;}\n  .jp-grid{\n    display:grid;gap:var(--gap);\n    grid-template-columns:1fr;\n    grid-template-areas:\n      \"header\"\n      \"form\"\n      \"content\"\n      \"image\";\n  }\n  .jp-header{grid-area:header;}\n  .jp-form{grid-area:form;background:#fff;padding:24px;border-radius:var(--radius);box-shadow:var(--shadow);}\n  .jp-content{grid-area:content;}\n  .jp-image{grid-area:image;margin:0;}\n  .jp-image img{width:100%;height:auto;display:block;border-radius:10px;}\n  .jp-contact{margin-top:1rem;padding:12px;border:1px solid #eee;border-radius:10px;}\n  .jp-faq details{margin-top:.5rem}\n  @media (min-width: 992px){\n    .jp-grid{\n      grid-template-columns: 65% 35%;\n      grid-template-areas:\n        \"header form\"\n        \"image  form\"\n        \"content form\";\n      align-items:start;\n    }\n    .jp-form{position:sticky; top:24px;}\n  }\n<\/style>\n\n<div class=\"jp-query\">\n  <div class=\"jp-grid\">\n\n    <!-- H1 -->\n    <div class=\"jp-header\">\n      <h1>Pregunta por un vuelo privado con Jet Partner<\/h1>\n    <\/div>\n\n    <!-- Formulario (m\u00f3vil: 2.\u00ba, escritorio: columna derecha) -->\n    <aside class=\"jp-form\" aria-label=\"Formulario de solicitud\">\n      <h2 style=\"margin-top:0\">Formulario de solicitud<\/h2>\n      <div class=\"wp-block-html\">\n        \t\t\t<link rel=\"stylesheet\" property=\"stylesheet\" href=\"https:\/\/jetpartner.pl\/wp-content\/plugins\/happyforms-upgrade\/bundles\/css\/frontend.css\" \/>\n\t\t\t\t<!-- HappyForms CSS variables -->\n\t<style>\n\t#happyforms-9233 {\n\t\t--happyforms-part-title-font-size: 16px;\n--happyforms-part-description-font-size: 14px;\n--happyforms-part-value-font-size: 16px;\n--happyforms-submit-button-font-size: 18px;\n--happyforms-color-primary: #000000;\n--happyforms-color-success-notice: #ebf9f0;\n--happyforms-color-success-notice-text: #1eb452;\n--happyforms-color-error: #ff7550;\n--happyforms-color-error-notice: #ffeae5;\n--happyforms-color-error-notice-text: #ff4200;\n--happyforms-color-part-title: #000000;\n--happyforms-color-part-value: #000000;\n--happyforms-color-part-placeholder: #888888;\n--happyforms-color-part-description: #454545;\n--happyforms-color-part-border: #dbdbdb;\n--happyforms-color-part-border-focus: #a8987e;\n--happyforms-color-part-background: #ffffff;\n--happyforms-color-part-background-focus: #ffffff;\n--happyforms-color-submit-background: #a8987e;\n--happyforms-color-submit-background-hover: #a8987e;\n--happyforms-color-submit-border: ;\n--happyforms-color-submit-text: #ffffff;\n--happyforms-color-submit-text-hover: #ffffff;\n--happyforms-color-table-row-odd: #fcfcfc;\n--happyforms-color-table-row-even: #efefef;\n--happyforms-color-table-row-odd-text: #000000;\n--happyforms-color-table-row-even-text: #000000;\n--happyforms-color-dropdown-item-bg: #ffffff;\n--happyforms-color-dropdown-item-text: #000000;\n--happyforms-color-dropdown-item-bg-hover: #dbdbdb;\n--happyforms-color-dropdown-item-text-hover: #000000;\n--happyforms-color-divider-hr: #cccccc;\n--happyforms-color-choice-checkmark-bg: #ffffff;\n--happyforms-color-choice-checkmark-bg-focus: #000000;\n--happyforms-color-choice-checkmark-color: #ffffff;\n--happyforms-color-rating: #cccccc;\n--happyforms-color-rating-hover: #f39c00;\n--happyforms-color-multistep-info-text-color: #000000;\n--happyforms-color-multistep-info-back-color: #000000;\n--happyforms-color-multistep-info-back-color-hover: #000000;\n--happyforms-poll-bar-color: #e8e8e8;\n--happyforms-poll-link-color: #000000;\n--happyforms-poll-winner-color: #000000;\n\t}\n\t<\/style>\n\t<!-- End of HappyForms CSS variables -->\n\t\t<!-- HappyForms Additional CSS -->\n\t<style data-happyforms-additional-css>\n\t\t<\/style>\n\t<!-- End of HappyForms Additional CSS -->\n\t\t\t<link rel=\"stylesheet\" type=\"text\/css\" href=\"https:\/\/jetpartner.pl\/wp-content\/plugins\/happyforms-upgrade\/core\/assets\/css\/no-interaction.css\">\n\t\t<div class=\"happyforms-form happyforms-styles happyforms-form--submit-button-border-radius-square\" id=\"happyforms-9233\">\n\t\t\n\t<form action=\"\" id=\"happyforms-form-9233\" method=\"post\" novalidate=\"true\" autocomplete=\"off\">\n\t\t\t\t<input type=\"hidden\" name=\"happyforms_random_seed\" value=\"2179995516\" \/>\n\t\t\n\t\t\t<input type=\"hidden\" name=\"action\" value=\"happyforms_message\">\n\t\t\t\t<input type=\"hidden\" name=\"client_referer\" value=\"\">\n\t\t\t\t<input type=\"hidden\" name=\"current_post_id\" value=\"\">\n\t\t\t\t<input type=\"hidden\" name=\"happyforms_form_id\" value=\"9233\" \/>\n\t\t\t\t<input type=\"hidden\" name=\"happyforms_step\" value=\"0\" \/>\n\t\n\t\t<div class=\"happyforms-flex\">\n\t\t\t\t<label for=\"9233-multi_line_text\" class=\"screen-reader-text\">Leave this field blank<\/label>\n\t<input type=\"text\" id=\"9233-multi_line_text\" name=\"9233-multi_line_text\" style=\"display: none;\" tabindex=\"-1\" autocomplete=\"off\" aria-hidden=\"true\">\n\t\t\t\t\t\t\t\t\t\t<div class=\"happyforms-form__part happyforms-part happyforms-part--single_line_text happyforms-part--width-half happyforms-part--label-hidden\" id=\"happyforms-9233_single_line_text_1-part\" data-happyforms-type=\"single_line_text\" data-happyforms-id=\"single_line_text_1\" data-happyforms-required=\"\">\n\t<div class=\"happyforms-part-wrap\">\n\t\t\n\t\t\t\t\t\t<div class=\"happyforms-part__label-container\">\n\t\t\t<\/div>\n\t\t\t\n\t\t\n\t\t<div class=\"happyforms-part__el\">\n\t\t\t\n\t\t\t\n\t\t\t<div class=\"happyforms-input\">\n\t\t\t\t\n\t\t\t\t<input id=\"happyforms-9233_single_line_text_1\" type=\"text\" name=\"9233_single_line_text_1\" value=\"\" placeholder=\"Nombre\" autocomplete=\"off\" spellcheck=\"false\"  autocorrect=\"off\" \/>\n\t\t\t\t\t\t\t<\/div>\n\n\t\t\t\n\t\t\t\n\t\t\t\t\t<\/div>\n\t<\/div>\n<\/div>\n<div class=\"happyforms-form__part happyforms-part happyforms-part--single_line_text happyforms-part--width-half happyforms-part--label-hidden\" id=\"happyforms-9233_single_line_text_2-part\" data-happyforms-type=\"single_line_text\" data-happyforms-id=\"single_line_text_2\" data-happyforms-required=\"\">\n\t<div class=\"happyforms-part-wrap\">\n\t\t\n\t\t\t\t\t\t<div class=\"happyforms-part__label-container\">\n\t\t\t<\/div>\n\t\t\t\n\t\t\n\t\t<div class=\"happyforms-part__el\">\n\t\t\t\n\t\t\t\n\t\t\t<div class=\"happyforms-input\">\n\t\t\t\t\n\t\t\t\t<input id=\"happyforms-9233_single_line_text_2\" type=\"text\" name=\"9233_single_line_text_2\" value=\"\" placeholder=\"Apellido\" autocomplete=\"off\" spellcheck=\"false\"  autocorrect=\"off\" \/>\n\t\t\t\t\t\t\t<\/div>\n\n\t\t\t\n\t\t\t\n\t\t\t\t\t<\/div>\n\t<\/div>\n<\/div>\n<div class=\"happyforms-form__part happyforms-part happyforms-part--number happyforms-part--width-half happyforms-part--label-hidden\" id=\"happyforms-9233_number_16-part\" data-happyforms-type=\"number\" data-happyforms-id=\"number_16\" data-happyforms-required=\"\">\n\t<div class=\"happyforms-part-wrap\">\n\t\t\n\t\t\t\t\t\t<div class=\"happyforms-part__label-container\">\n\t\t\t<\/div>\n\t\t\t\n\t\t\n\t\t<div class=\"happyforms-part__el\">\n\t\t\t\n\t\t\t\n\t\t\t<div class=\"happyforms-input\">\n\t\t\t\t\t\t\t\t<input id=\"happyforms-9233_number_16\" type=\"number\" value=\"\" name=\"9233_number_16\" placeholder=\"N\u00famero de tel\u00e9fono\" min=\"\" max=\"\" step=\"1\" autocomplete=\"off\" spellcheck=\"false\" \/>\n\t\t\t\t\t\t\t<\/div>\n\n\t\t\t\n\t\t\t\n\t\t\t\t\t<\/div>\n\t<\/div>\n<\/div>\n<div class=\"happyforms-part--with-autocomplete happyforms-form__part happyforms-part happyforms-part--email happyforms-part--width-half happyforms-part--label-hidden\" id=\"happyforms-9233_email_3-part\" data-happyforms-type=\"email\" data-happyforms-id=\"email_3\" data-happyforms-required=\"\">\n\t\t<div class=\"happyforms-part-wrap\">\n\t\t\t\t\t\t<div class=\"happyforms-part__label-container\">\n\t\t\t<\/div>\n\t\t\t\n\t\t\n\t\t<div class=\"happyforms-part__el\">\n\t\t\t\n\t\t\t\n\t\t\t<div class=\"happyforms-input\">\n\t\t\t\t<input type=\"email\" name=\"9233_email_3\" id=\"happyforms-9233_email_3\" value=\"\" placeholder=\"Correo electr\u00f3nico\" autocomplete=\"off\" spellcheck=\"false\"  autocorrect=\"off\" \/>\n\t\t\t\t\t\t\t<\/div>\n\n\t\t\t\n\t\t\t\n\t\t\t\t\t<\/div>\n\t<\/div>\n<\/div>\n<div class=\"happyforms-form__part happyforms-part happyforms-part--single_line_text happyforms-part--width-half happyforms-part--label-hidden\" id=\"happyforms-9233_single_line_text_12-part\" data-happyforms-type=\"single_line_text\" data-happyforms-id=\"single_line_text_12\" data-happyforms-required=\"\">\n\t<div class=\"happyforms-part-wrap\">\n\t\t\n\t\t\t\t\t\t<div class=\"happyforms-part__label-container\">\n\t\t\t<\/div>\n\t\t\t\n\t\t\n\t\t<div class=\"happyforms-part__el\">\n\t\t\t\n\t\t\t\n\t\t\t<div class=\"happyforms-input\">\n\t\t\t\t\n\t\t\t\t<input id=\"happyforms-9233_single_line_text_12\" type=\"text\" name=\"9233_single_line_text_12\" value=\"\" placeholder=\"Aeropuerto de salida\" autocomplete=\"off\" spellcheck=\"false\"  autocorrect=\"off\" \/>\n\t\t\t\t\t\t\t<\/div>\n\n\t\t\t\n\t\t\t\n\t\t\t\t\t<\/div>\n\t<\/div>\n<\/div>\n<div class=\"happyforms-form__part happyforms-part happyforms-part--single_line_text happyforms-part--width-half happyforms-part--label-hidden\" id=\"happyforms-9233_single_line_text_13-part\" data-happyforms-type=\"single_line_text\" data-happyforms-id=\"single_line_text_13\" data-happyforms-required=\"\">\n\t<div class=\"happyforms-part-wrap\">\n\t\t\n\t\t\t\t\t\t<div class=\"happyforms-part__label-container\">\n\t\t\t<\/div>\n\t\t\t\n\t\t\n\t\t<div class=\"happyforms-part__el\">\n\t\t\t\n\t\t\t\n\t\t\t<div class=\"happyforms-input\">\n\t\t\t\t\n\t\t\t\t<input id=\"happyforms-9233_single_line_text_13\" type=\"text\" name=\"9233_single_line_text_13\" value=\"\" placeholder=\"Aeropuerto de llegada\" autocomplete=\"off\" spellcheck=\"false\"  autocorrect=\"off\" \/>\n\t\t\t\t\t\t\t<\/div>\n\n\t\t\t\n\t\t\t\n\t\t\t\t\t<\/div>\n\t<\/div>\n<\/div>\n<div class=\"happyforms-form__part happyforms-part happyforms-part--date happyforms-part--width-half happyforms-part--label-hidden happyforms-part-date--required happyforms-part-date--date happyforms-part-date--12\" id=\"happyforms-9233_date_18-part\" data-happyforms-type=\"date\" data-happyforms-id=\"date_18\" data-happyforms-required=\"\">\n\t<div class=\"happyforms-part-wrap\">\n\t\t\t\t\t\t\t\t<div class=\"happyforms-part__label-container\">\n\t\t\t<\/div>\n\t\t\t\n\t\t<span class=\"happyforms-part__description\">Fecha de salida<\/span>\n\t\t<div class=\"happyforms-part__el\">\n\t\t\t\t\t\t\n<div class=\"happyforms-part-date__date-input happyforms-part--date__input-wrap happyforms-part-date-input--date\">\n\t<div class=\"happyforms-custom-date\" data-searchable=\"true\">\n\t\t<div class=\"happyforms-part__date-wrap\">\n\t\t\t<div class=\"happyforms-input\">\n\t\t\t\t<input type=\"date\" min=\"1924-01-01\" max=\"2044-12-31\" value=\"\" name=\"9233_date_18[date]\" data-serialize required class=\"happyforms-date-field\" \/>\n\t\t\t<\/div>\n\t\t<\/div>\n\t<\/div>\n<\/div>\n\t\t\t\t\t\t\t\t<\/div>\n\t\t\t<\/div>\n<\/div>\n<div class=\"happyforms-form__part happyforms-part happyforms-part--date happyforms-part--width-half happyforms-part--label-hidden happyforms-part-date--required happyforms-part-date--date happyforms-part-date--12\" id=\"happyforms-9233_date_19-part\" data-happyforms-type=\"date\" data-happyforms-id=\"date_19\" data-happyforms-required=\"\">\n\t<div class=\"happyforms-part-wrap\">\n\t\t\t\t\t\t\t\t<div class=\"happyforms-part__label-container\">\n\t\t\t<\/div>\n\t\t\t\n\t\t<span class=\"happyforms-part__description\">Regreso<\/span>\n\t\t<div class=\"happyforms-part__el\">\n\t\t\t\t\t\t\n<div class=\"happyforms-part-date__date-input happyforms-part--date__input-wrap happyforms-part-date-input--date\">\n\t<div class=\"happyforms-custom-date\" data-searchable=\"true\">\n\t\t<div class=\"happyforms-part__date-wrap\">\n\t\t\t<div class=\"happyforms-input\">\n\t\t\t\t<input type=\"date\" min=\"1924-01-01\" max=\"2044-12-31\" value=\"\" name=\"9233_date_19[date]\" data-serialize required class=\"happyforms-date-field\" \/>\n\t\t\t<\/div>\n\t\t<\/div>\n\t<\/div>\n<\/div>\n\t\t\t\t\t\t\t\t<\/div>\n\t\t\t<\/div>\n<\/div>\n<div class=\"happyforms-form__part happyforms-part happyforms-part--single_line_text happyforms-part--width-third happyforms-part--label-hidden\" id=\"happyforms-9233_single_line_text_15-part\" data-happyforms-type=\"single_line_text\" data-happyforms-id=\"single_line_text_15\" data-happyforms-required=\"\">\n\t<div class=\"happyforms-part-wrap\">\n\t\t\n\t\t\t\t\t\t<div class=\"happyforms-part__label-container\">\n\t\t\t<\/div>\n\t\t\t\n\t\t\n\t\t<div class=\"happyforms-part__el\">\n\t\t\t\n\t\t\t\n\t\t\t<div class=\"happyforms-input\">\n\t\t\t\t\n\t\t\t\t<input id=\"happyforms-9233_single_line_text_15\" type=\"text\" name=\"9233_single_line_text_15\" value=\"\" placeholder=\"N\u00famero de pasajeros\" autocomplete=\"off\" spellcheck=\"false\"  autocorrect=\"off\" \/>\n\t\t\t\t\t\t\t<\/div>\n\n\t\t\t\n\t\t\t\n\t\t\t\t\t<\/div>\n\t<\/div>\n<\/div>\n<div class=\"happyforms-form__part happyforms-part happyforms-part--single_line_text happyforms-part--width-third happyforms-part--label-hidden\" id=\"happyforms-9233_single_line_text_20-part\" data-happyforms-type=\"single_line_text\" data-happyforms-id=\"single_line_text_20\" data-happyforms-required=\"\">\n\t<div class=\"happyforms-part-wrap\">\n\t\t\n\t\t\t\t\t\t<div class=\"happyforms-part__label-container\">\n\t\t\t<\/div>\n\t\t\t\n\t\t\n\t\t<div class=\"happyforms-part__el\">\n\t\t\t\n\t\t\t\n\t\t\t<div class=\"happyforms-input\">\n\t\t\t\t\n\t\t\t\t<input id=\"happyforms-9233_single_line_text_20\" type=\"text\" name=\"9233_single_line_text_20\" value=\"\" placeholder=\"Ni\u00f1os mayores de 18 a\u00f1os incluidos\" autocomplete=\"off\" spellcheck=\"false\"  autocorrect=\"off\" \/>\n\t\t\t\t\t\t\t<\/div>\n\n\t\t\t\n\t\t\t\n\t\t\t\t\t<\/div>\n\t<\/div>\n<\/div>\n<div class=\"happyforms-form__part happyforms-part happyforms-part--single_line_text happyforms-part--width-third happyforms-part--label-hidden\" id=\"happyforms-9233_single_line_text_21-part\" data-happyforms-type=\"single_line_text\" data-happyforms-id=\"single_line_text_21\" data-happyforms-required=\"\">\n\t<div class=\"happyforms-part-wrap\">\n\t\t\n\t\t\t\t\t\t<div class=\"happyforms-part__label-container\">\n\t\t\t<\/div>\n\t\t\t\n\t\t\n\t\t<div class=\"happyforms-part__el\">\n\t\t\t\n\t\t\t\n\t\t\t<div class=\"happyforms-input\">\n\t\t\t\t\n\t\t\t\t<input id=\"happyforms-9233_single_line_text_21\" type=\"text\" name=\"9233_single_line_text_21\" value=\"\" placeholder=\"Animales\" autocomplete=\"off\" spellcheck=\"false\"  autocorrect=\"off\" \/>\n\t\t\t\t\t\t\t<\/div>\n\n\t\t\t\n\t\t\t\n\t\t\t\t\t<\/div>\n\t<\/div>\n<\/div>\n<div class=\"happyforms-form__part happyforms-part happyforms-part--multi_line_text happyforms-part--width-full happyforms-part--label-hidden\" id=\"happyforms-9233_multi_line_text_9-part\" data-happyforms-type=\"multi_line_text\" data-happyforms-id=\"multi_line_text_9\" data-happyforms-required=\"\">\n\t<div class=\"happyforms-part-wrap\">\n\t\t\t\t\t\t<div class=\"happyforms-part__label-container\">\n\t\t\t<\/div>\n\t\t\t\n\t\t\n\t\t<div class=\"happyforms-part__el\">\n\t\t\t\n\t\t\t\t\t\t<textarea id=\"happyforms-9233_multi_line_text_9\" name=\"9233_multi_line_text_9\" rows=\"5\" placeholder=\"M\u00e1s informaci\u00f3n sobre el vuelo previsto\" autocomplete=\"off\" spellcheck=\"false\" autocorrect=\"off\" ><\/textarea>\n\t\t\t\n\t\t\t\n\t\t\t\t\t<\/div>\n\t<\/div>\n<\/div>\n<div class=\"happyforms-part--choice happyforms-form__part happyforms-part happyforms-part--radio happyforms-part--width-full happyforms-part--label-hidden\" id=\"happyforms-9233_radio_22-part\" data-happyforms-type=\"radio\" data-happyforms-id=\"radio_22\" data-happyforms-required=\"\">\n\t<div class=\"happyforms-part-wrap\">\n\t\t\t<div class=\"happyforms-part__label-container\">\n\t\t\t<\/div>\n\t\n\t\t<span class=\"happyforms-part__description\">Acepto que la Empresa procese mi nombre, apellido, direcci\u00f3n de correo electr\u00f3nico y n\u00famero de tel\u00e9fono indicados en el formulario con el fin de presentar una oferta de la Empresa en respuesta a mi solicitud.<\/span>\n\t\t\n\t\t<div class=\"happyforms-part__el\">\n\t\t\t\t\t\t\t\t\t\t<div class=\"happyforms-part__option happyforms-part-option\" id=\"radio_22_option_1715570915121\">\n\t\t\t\t<label class=\"option-label\">\n\t\t\t\t\t<input type=\"radio\" class=\"happyforms-visuallyhidden\" name=\"9233_radio_22\" value=\"0\"  autocomplete=\"off\" spellcheck=\"false\" >\n\t\t\t\t\t<span class=\"checkmark\"><span class=\"happyforms-radio-circle\"><\/span><\/span>\n\t\t\t\t\t<span class=\"label-wrap\">\n\t\t\t\t\t\t<span class=\"label\"><\/span>\t\t\t\t\t<\/span>\n\t\t\t\t<\/label>\n\t\t\t\t\t\t\t<\/div>\n\t\t\t\n\t\t\t\n\t\t\t\t\t<\/div>\n\t<\/div>\n<\/div>\n<div class=\"happyforms-part--choice happyforms-form__part happyforms-part happyforms-part--radio happyforms-part--width-full happyforms-part--label-hidden\" id=\"happyforms-9233_radio_23-part\" data-happyforms-type=\"radio\" data-happyforms-id=\"radio_23\">\n\t<div class=\"happyforms-part-wrap\">\n\t\t\t<div class=\"happyforms-part__label-container\">\n\t\t\t<\/div>\n\t\n\t\t<span class=\"happyforms-part__description\">Acepto que la Empresa utilice mi direcci\u00f3n de correo electr\u00f3nico y n\u00famero de tel\u00e9fono indicados en el formulario, a trav\u00e9s de dispositivos terminales y sistemas de llamada automatizados o medios de comunicaci\u00f3n electr\u00f3nica, es decir, correo electr\u00f3nico, SMS, MMS, con fines de marketing directo, incluido el env\u00edo de informaci\u00f3n comercial sobre promociones y ofertas especiales ofrecidas por la Empresa (bolet\u00edn informativo).<\/span>\n\t\t\n\t\t<div class=\"happyforms-part__el\">\n\t\t\t\t\t\t\t\t\t\t<div class=\"happyforms-part__option happyforms-part-option\" id=\"radio_23_option_1715571026406\">\n\t\t\t\t<label class=\"option-label\">\n\t\t\t\t\t<input type=\"radio\" class=\"happyforms-visuallyhidden\" name=\"9233_radio_23\" value=\"0\"  autocomplete=\"off\" spellcheck=\"false\" >\n\t\t\t\t\t<span class=\"checkmark\"><span class=\"happyforms-radio-circle\"><\/span><\/span>\n\t\t\t\t\t<span class=\"label-wrap\">\n\t\t\t\t\t\t<span class=\"label\"><\/span>\t\t\t\t\t<\/span>\n\t\t\t\t<\/label>\n\t\t\t\t\t\t\t<\/div>\n\t\t\t\n\t\t\t\n\t\t\t\t\t<\/div>\n\t<\/div>\n<\/div>\n\t\t\t\t<div class=\"happyforms-form__part happyforms-part happyforms-part--recaptcha happyforms-recaptcha-v2\" data-sitekey=\"6LfQ1WgsAAAAAE8ETFJP6V_piMqETtdZ-rfL8WK5\" data-happyforms-type=\"recaptcha_v2\" data-theme=\"light\">\n\t\t\t\t\t<label for=\"g-recaptcha-response\" class=\"happyforms-part__label\">\n\t\t\t\t<span class=\"label\">Validate your submission<\/span>\n\t\t\t<\/label>\n\t\t\t\t<div class=\"happyforms-part-wrap\" id=\"happyforms-9233-recaptcha\"><\/div>\n\n\t\t\t<\/div>\n\t\t\t\t<div class=\"happyforms-form__part happyforms-part happyforms-part--submit\">\n\t\t<button type=\"submit\" class=\"happyforms-submit happyforms-button--submit \">Submit<\/button>\n\t<\/div>\t\t<\/div>\n\n\t\t\t<\/form>\n\n\t<\/div>\n\n      <\/div>\n    <\/aside>\n\n    <!-- Contenido (m\u00f3vil: despu\u00e9s del formulario, escritorio: columna izquierda debajo de la imagen) -->\n    <section class=\"jp-content\">\n      <p>Presupuestos inmediatos, disponibilidad <strong>24\/7<\/strong>, seguridad y total discreci\u00f3n.  \n      Somos un br\u00f3ker polaco de vuelos ch\u00e1rter con m\u00e1s de 15 a\u00f1os de experiencia.<\/p>\n\n      <h2>\u00bfPor qu\u00e9 Jet Partner?<\/h2>\n      <ul>\n        <li>M\u00e1xima calidad en servicios de vuelos ch\u00e1rter privados.<\/li>\n        <li>Equipo experimentado y altamente cualificado, con asistente de vuelo dedicado.<\/li>\n        <li>Comodidad y seguridad: solo operadores certificados.<\/li>\n        <li>Vuelos de ocio y de negocios \u2014 en cualquier momento, hacia los aeropuertos que elijas.<\/li>\n      <\/ul>\n\n      <h3>Sobre nosotros<\/h3>\n      <p>Somos un br\u00f3ker a\u00e9reo polaco y, desde 2012, ofrecemos servicios de vuelos privados.  \n      Quince a\u00f1os de experiencia nos han permitido conocer a fondo el mercado de operadores, la log\u00edstica de los aeropuertos europeos  \n      y consolidar una posici\u00f3n s\u00f3lida en el sector.<\/p>\n      <p>No poseemos aeronaves propias. Organizamos vuelos exclusivamente con <strong>operadores certificados<\/strong>,  \n      que cuentan con las certificaciones de seguridad, seguros y est\u00e1ndares t\u00e9cnicos exigidos.<\/p>\n\n      <div class=\"jp-contact\">\n        <strong>Contacto 24\/7:<\/strong><br>\n        +48 512 308 935 \/ +48 512 227 030<br>\n        <a href=\"mailto:sales@jetpartner.pl\">sales@jetpartner.pl<\/a><br>\n      <\/div>\n\n      <!-- Preguntas frecuentes -->\n      <div class=\"jp-faq\" aria-label=\"Preguntas frecuentes\">\n        <details>\n          <summary><strong>\u00bfCu\u00e1nto tardar\u00e9 en recibir un presupuesto?<\/strong><\/summary>\n          <p>Normalmente en pocos minutos tras enviar la solicitud (24\/7), dependiendo de la ruta y los slots disponibles.<\/p>\n        <\/details>\n        <details>\n          <summary><strong>\u00bfPuedo cambiar la hora de salida?<\/strong><\/summary>\n          <p>S\u00ed, el vuelo ch\u00e1rter ofrece flexibilidad \u2014 nos adaptamos a tu horario, seg\u00fan la disponibilidad.<\/p>\n        <\/details>\n        <details>\n          <summary><strong>\u00bfDesde qu\u00e9 aeropuertos puedo volar?<\/strong><\/summary>\n          <p>Organizamos vuelos hacia aeropuertos internacionales y regionales indicados por el cliente \u2014 te ayudaremos a elegir las mejores opciones.<\/p>\n        <\/details>\n      <\/div>\n    <\/section>\n\n    <!-- Imagen (m\u00f3vil: despu\u00e9s del contenido, escritorio: columna izquierda, debajo del H1, encima del contenido) -->\n    <figure class=\"jp-image\">\n      <img decoding=\"async\" src=\"https:\/\/jetpartner.pl\/wp-content\/uploads\/2022\/11\/BusinessPeopleWorkingInPrivateJet_full-1.jpg\"\n           alt=\"Vuelo privado en jet \u2013 comodidad, seguridad y discreci\u00f3n | Jet Partner\"\n           title=\"Vuelo ch\u00e1rter privado \u2013 Jet Partner\">\n      <figcaption>Vuelo privado c\u00f3modo y seguro con Jet Partner<\/figcaption>\n    <\/figure>\n\n  <\/div>\n<\/div>\n\n<!-- Schema JSON-LD -->\n<div class=\"wp-block-html\">\n<script type=\"application\/ld+json\">\n{\n  \"@context\":\"https:\/\/schema.org\",\n  \"@type\":\"Service\",\n  \"name\":\"Vuelo ch\u00e1rter privado \u2014 Jet Partner\",\n  \"areaServed\":\"Europa\",\n  \"provider\":{\n    \"@type\":\"Organization\",\n    \"name\":\"Jet Partner\",\n    \"email\":\"sales@jetpartner.pl\",\n    \"telephone\":[\"+48512308935\",\"+48512227030\"]\n  },\n  \"brand\":\"Jet Partner\",\n  \"serviceType\":\"Private Jet Charter\",\n  \"availability\":\"https:\/\/schema.org\/InStock\",\n  \"url\":\"https:\/\/jetpartner.pl\/es\/book-jet\/\"\n}\n<\/script>\n<\/div>\n\n<p>Ofrecemos vuelos privados tanto para ocio como para negocios, garantizando el m\u00e1s alto nivel de calidad.  \nNuestras soluciones de vuelos ch\u00e1rter no tienen comparaci\u00f3n \u2014 con Jet Partner puedes viajar en cualquier momento, a cualquier destino, bajo condiciones claras y personalizadas.<\/p>\n","protected":false},"excerpt":{"rendered":"<p>Solicita un presupuesto para tu vuelo privado con Jet Partner. Vuelos de negocios y ocio 24\/7, m\u00e1xima seguridad, confort y discreci\u00f3n. Br\u00f3ker europeo con m\u00e1s de 15 a\u00f1os de experiencia.<\/p>\n","protected":false},"author":1,"featured_media":8378,"parent":0,"menu_order":0,"comment_status":"closed","ping_status":"closed","template":"","meta":{"content-type":"","inline_featured_image":false,"footnotes":""},"class_list":["post-9244","page","type-page","status-publish","has-post-thumbnail","hentry"],"featured_image_url":{"thumbnail":"https:\/\/jetpartner.pl\/wp-content\/uploads\/2025\/10\/O-nas-o-JetPartner-zdjecie-dla-strony.jpg","medium":"https:\/\/jetpartner.pl\/wp-content\/uploads\/2025\/10\/O-nas-o-JetPartner-zdjecie-dla-strony.jpg","medium_large":"https:\/\/jetpartner.pl\/wp-content\/uploads\/2025\/10\/O-nas-o-JetPartner-zdjecie-dla-strony.jpg","large":"https:\/\/jetpartner.pl\/wp-content\/uploads\/2025\/10\/O-nas-o-JetPartner-zdjecie-dla-strony.jpg","1536x1536":"https:\/\/jetpartner.pl\/wp-content\/uploads\/2025\/10\/O-nas-o-JetPartner-zdjecie-dla-strony.jpg","2048x2048":"https:\/\/jetpartner.pl\/wp-content\/uploads\/2025\/10\/O-nas-o-JetPartner-zdjecie-dla-strony.jpg"},"post_author":"admin","assigned_categories":"","_links":{"self":[{"href":"https:\/\/jetpartner.pl\/es\/wp-json\/wp\/v2\/pages\/9244","targetHints":{"allow":["GET"]}}],"collection":[{"href":"https:\/\/jetpartner.pl\/es\/wp-json\/wp\/v2\/pages"}],"about":[{"href":"https:\/\/jetpartner.pl\/es\/wp-json\/wp\/v2\/types\/page"}],"author":[{"embeddable":true,"href":"https:\/\/jetpartner.pl\/es\/wp-json\/wp\/v2\/users\/1"}],"replies":[{"embeddable":true,"href":"https:\/\/jetpartner.pl\/es\/wp-json\/wp\/v2\/comments?post=9244"}],"version-history":[{"count":0,"href":"https:\/\/jetpartner.pl\/es\/wp-json\/wp\/v2\/pages\/9244\/revisions"}],"wp:featuredmedia":[{"embeddable":true,"href":"https:\/\/jetpartner.pl\/es\/wp-json\/wp\/v2\/media\/8378"}],"wp:attachment":[{"href":"https:\/\/jetpartner.pl\/es\/wp-json\/wp\/v2\/media?parent=9244"}],"curies":[{"name":"wp","href":"https:\/\/api.w.org\/{rel}","templated":true}]}}